{"id":1013,"date":"2018-08-29T18:19:33","date_gmt":"2018-08-29T21:19:33","guid":{"rendered":"https:\/\/isfd129-bue.infd.edu.ar\/sitio\/datos-institucionales\/"},"modified":"2023-03-02T19:28:38","modified_gmt":"2023-03-02T22:28:38","slug":"datos-institucionales","status":"publish","type":"page","link":"https:\/\/isfd129-bue.infd.edu.ar\/sitio\/datos-institucionales\/","title":{"rendered":"Datos institucionales"},"content":{"rendered":"<p><strong>Unidad Acad\u00e9mica &#8211; Escuela Normal Superior &#8211; I.S.F.D. N\u00ba129<\/strong><\/p>\n<p><strong>Horarios:<\/strong> lunes a viernes de 17:45 a 23:00 hs.<\/p>\n<p><strong>Direcci\u00f3n:<\/strong> Almafuerte 308 &#8211; Jun\u00edn Bs. As.<\/p>\n<p><strong>Tel\u00e9fono:<\/strong> 236-4421818<\/p>\n<p><strong>Correo electr\u00f3nico Institucional:<\/strong> isfd129junin@abc.gob.ar<\/p>\n<p><strong>Correo electr\u00f3nico de Secretar\u00eda:<\/strong> secretaria129junin@gmail.com<\/p>\n<p><strong>Correo electr\u00f3nico de Preceptor\u00eda:<\/strong> preceptoria129junin@gmail.com<\/p>\n","protected":false},"excerpt":{"rendered":"<p>Unidad Acad\u00e9mica &#8211; Escuela Normal Superior &#8211; I.S.F.D. N\u00ba129 Horarios: lunes a viernes de 17:45 a 23:00 hs. Direcci\u00f3n: Almafuerte 308 &#8211; Jun\u00edn Bs. As. Tel\u00e9fono: 236-4421818 Correo electr\u00f3nico Institucional: isfd129junin@abc.gob.ar Correo electr\u00f3nico de Secretar\u00eda: secretaria129junin@gmail.com Correo electr\u00f3nico de Preceptor\u00eda: preceptoria129junin@gmail.com<\/p>\n","protected":false},"author":1681,"featured_media":0,"parent":0,"menu_order":0,"comment_status":"closed","ping_status":"closed","template":"","meta":[],"acf":[],"_links":{"self":[{"href":"https:\/\/isfd129-bue.infd.edu.ar\/sitio\/wp-json\/wp\/v2\/pages\/1013"}],"collection":[{"href":"https:\/\/isfd129-bue.infd.edu.ar\/sitio\/wp-json\/wp\/v2\/pages"}],"about":[{"href":"https:\/\/isfd129-bue.infd.edu.ar\/sitio\/wp-json\/wp\/v2\/types\/page"}],"author":[{"embeddable":true,"href":"https:\/\/isfd129-bue.infd.edu.ar\/sitio\/wp-json\/wp\/v2\/users\/1681"}],"replies":[{"embeddable":true,"href":"https:\/\/isfd129-bue.infd.edu.ar\/sitio\/wp-json\/wp\/v2\/comments?post=1013"}],"version-history":[{"count":12,"href":"https:\/\/isfd129-bue.infd.edu.ar\/sitio\/wp-json\/wp\/v2\/pages\/1013\/revisions"}],"predecessor-version":[{"id":3152,"href":"https:\/\/isfd129-bue.infd.edu.ar\/sitio\/wp-json\/wp\/v2\/pages\/1013\/revisions\/3152"}],"wp:attachment":[{"href":"https:\/\/isfd129-bue.infd.edu.ar\/sitio\/wp-json\/wp\/v2\/media?parent=1013"}],"curies":[{"name":"wp","href":"https:\/\/api.w.org\/{rel}","templated":true}]}}