{"id":1017,"date":"2018-08-29T18:19:34","date_gmt":"2018-08-29T21:19:34","guid":{"rendered":"https:\/\/isfd129-bue.infd.edu.ar\/sitio\/plan-de-estudios\/"},"modified":"2020-03-02T21:54:12","modified_gmt":"2020-03-03T00:54:12","slug":"plan-de-estudios","status":"publish","type":"page","link":"https:\/\/isfd129-bue.infd.edu.ar\/sitio\/plan-de-estudios\/","title":{"rendered":"Plan de estudios (Plan Viejo)"},"content":{"rendered":"<p>&nbsp;<\/p>\n<table style=\"background-color: #ddeaf0; border-width: 1px; border-color: #5090b0;\" border=\"1\" width=\"100%\" cellspacing=\"0\" cellpadding=\"0\" align=\"center\">\n<tbody>\n<tr>\n<td style=\"height: 22px; border: #5090b0 1px solid;\">\n<p align=\"center\"><strong><span style=\"font-family: helvetica;\"><span style=\"font-size: xx-small;\">\u00a0<span style=\"color: #3e748e;\">Formaci\u00f3n Docente en Lengua y Literatura (R. M. N\u00ba 13259\/99-29\/03 y 4664\/03)<\/span><\/span><\/span><\/strong><\/p>\n<\/td>\n<\/tr>\n<\/tbody>\n<\/table>\n<p><span style=\"font-family: helvetica; font-size: xx-small;\">\u00a0<\/span><\/p>\n<table style=\"border: #5090b0 1px solid;\" border=\"1\" width=\"100%\" cellspacing=\"0\" cellpadding=\"0\" align=\"center\">\n<tbody>\n<tr style=\"height: 20px;\" align=\"center\" valign=\"middle\">\n<td style=\"width: 64%; background-color: #ddeaf0; border: #5090b0 1px solid;\" align=\"center\" valign=\"middle\"><span style=\"color: #3e748e; font-family: helvetica; font-size: xx-small;\"><strong>\u00a0Primer a\u00f1o\u00a0<\/strong><\/span><\/td>\n<td style=\"width: 12%; background-color: #ddeaf0; border: #5090b0 1px solid;\" align=\"center\" valign=\"middle\"><span style=\"color: #3e748e; font-family: helvetica; font-size: xx-small;\"><strong>\u00a0Anual<\/strong><\/span><\/td>\n<\/tr>\n<tr style=\"height: 20px;\" align=\"center\" valign=\"middle\">\n<td style=\"width: 64%; border: #5090b0 1px solid;\" align=\"center\" valign=\"middle\"><span style=\"color: #000000; font-family: helvetica; font-size: xx-small;\">Perspectiva Filos\u00f3fica &#8211; Pedag\u00f3gica I<\/span><\/td>\n<td style=\"width: 12%; border: #5090b0 1px solid;\" align=\"center\" valign=\"middle\"><span style=\"color: #000000; font-family: helvetica; font-size: xx-small;\">\u2022<\/span><\/td>\n<\/tr>\n<tr style=\"height: 20px;\" align=\"center\" valign=\"middle\">\n<td style=\"width: 64%; border: #5090b0 1px solid;\" align=\"center\" valign=\"middle\"><span style=\"color: #000000; font-family: helvetica; font-size: xx-small;\">Perspectiva Pedag\u00f3gica &#8211; Did\u00e1ctica I<\/span><\/td>\n<td style=\"width: 12%; border: #5090b0 1px solid;\" align=\"center\" valign=\"middle\"><span style=\"color: #000000; font-family: helvetica; font-size: xx-small;\">\u2022<\/span><\/td>\n<\/tr>\n<tr style=\"height: 20px;\" align=\"center\" valign=\"middle\">\n<td style=\"width: 64%; border: #5090b0 1px solid;\" align=\"center\" valign=\"middle\"><span style=\"color: #000000; font-family: helvetica; font-size: xx-small;\">Perspectiva Socio &#8211; Pol\u00edtica<\/span><\/td>\n<td style=\"width: 12%; border: #5090b0 1px solid;\" align=\"center\" valign=\"middle\"><span style=\"color: #000000; font-family: helvetica; font-size: xx-small;\">\u2022<\/span><\/td>\n<\/tr>\n<tr style=\"height: 20px;\" align=\"center\" valign=\"middle\">\n<td style=\"width: 64%; border: #5090b0 1px solid;\" align=\"center\" valign=\"middle\"><span style=\"color: #000000; font-family: helvetica; font-size: xx-small;\">Psicolog\u00eda y Cultura en la Educaci\u00f3n <\/span><\/td>\n<td style=\"width: 12%; border: #5090b0 1px solid;\" align=\"center\" valign=\"middle\"><span style=\"color: #000000; font-family: helvetica; font-size: xx-small;\">\u2022<\/span><\/td>\n<\/tr>\n<tr style=\"height: 20px;\" align=\"center\" valign=\"middle\">\n<td style=\"width: 64%; border: #5090b0 1px solid;\" align=\"center\" valign=\"middle\"><span style=\"color: #000000; font-family: helvetica; font-size: xx-small;\">Ling\u00fc\u00edstica Gram\u00e1tica Textual e Intr. a la <\/span><\/td>\n<td style=\"width: 12%; border: #5090b0 1px solid;\" align=\"center\" valign=\"middle\"><span style=\"color: #000000; font-family: helvetica; font-size: xx-small;\">\u2022<\/span><\/td>\n<\/tr>\n<tr style=\"height: 20px;\" align=\"center\" valign=\"middle\">\n<td style=\"width: 64%; border: #5090b0 1px solid;\" align=\"center\" valign=\"middle\"><span style=\"color: #000000; font-family: helvetica; font-size: xx-small;\">Psicoling\u00fc\u00edstica y Socioling\u00fc\u00edstica <\/span><\/td>\n<td style=\"width: 12%; border: #5090b0 1px solid;\" align=\"center\" valign=\"middle\"><span style=\"color: #000000; font-family: helvetica; font-size: xx-small;\">\u00a0\u2022<\/span><\/td>\n<\/tr>\n<tr style=\"height: 20px;\" align=\"center\" valign=\"middle\">\n<td style=\"width: 64%; border: #5090b0 1px solid;\" align=\"center\" valign=\"middle\"><span style=\"color: #000000; font-family: helvetica; font-size: xx-small;\">Teor\u00eda Literaria I <\/span><\/td>\n<td style=\"width: 12%; border: #5090b0 1px solid;\" align=\"center\" valign=\"middle\"><span style=\"color: #000000; font-family: helvetica; font-size: xx-small;\">\u00a0\u2022<\/span><\/td>\n<\/tr>\n<tr style=\"height: 20px;\" align=\"center\" valign=\"middle\">\n<td style=\"width: 64%; border: #5090b0 1px solid;\" align=\"center\" valign=\"middle\"><span style=\"color: #000000; font-family: helvetica; font-size: xx-small;\">Taller de Lectura Escritura y Pr\u00e1ctica de la Lengua Oral\u00a0<\/span><\/td>\n<td style=\"width: 12%; border: #5090b0 1px solid;\" align=\"center\" valign=\"middle\"><span style=\"color: #000000; font-family: helvetica; font-size: xx-small;\">\u00a0\u2022<\/span><\/td>\n<\/tr>\n<tr style=\"height: 20px;\" align=\"center\" valign=\"middle\">\n<td style=\"width: 64%; border: #5090b0 1px solid;\" align=\"center\" valign=\"middle\"><span style=\"color: #000000; font-family: helvetica; font-size: xx-small;\">Historia Social y Cultural de la Literatura I <\/span><\/td>\n<td style=\"width: 12%; border: #5090b0 1px solid;\" align=\"center\" valign=\"middle\"><span style=\"color: #000000; font-family: helvetica; font-size: xx-small;\">\u00a0\u2022<\/span><\/td>\n<\/tr>\n<tr style=\"height: 20px;\" align=\"center\" valign=\"middle\">\n<td style=\"width: 64%; border: #5090b0 1px solid;\" align=\"center\" valign=\"middle\"><span style=\"color: #000000; font-family: helvetica; font-size: xx-small;\">\u00a0Lengua y Literatura y su Ense\u00f1anza I\u00a0<\/span><\/td>\n<td style=\"width: 12%; border: #5090b0 1px solid;\" align=\"center\" valign=\"middle\"><span style=\"color: #000000; font-family: helvetica; font-size: xx-small;\">\u00a0\u2022<\/span><\/td>\n<\/tr>\n<tr style=\"height: 20px;\" align=\"center\" valign=\"middle\">\n<td style=\"width: 64%; border: #5090b0 1px solid;\" align=\"center\" valign=\"middle\"><span style=\"color: #000000; font-family: helvetica; font-size: xx-small;\">Espacio de la Pr\u00e1ctica Docente I <\/span><\/td>\n<td style=\"width: 12%; border: #5090b0 1px solid;\" align=\"center\" valign=\"middle\"><span style=\"color: #000000; font-family: helvetica; font-size: xx-small;\">\u00a0\u2022<\/span><\/td>\n<\/tr>\n<tr style=\"height: 20px;\" align=\"center\" valign=\"middle\">\n<td style=\"width: 64%; background-color: #ddeaf0; border: #5090b0 1px solid;\" align=\"center\" valign=\"middle\"><span style=\"color: #3e748e; font-family: helvetica; font-size: xx-small;\"><strong>Segundo a\u00f1o<\/strong><\/span><\/td>\n<td style=\"width: 12%; background-color: #ddeaf0; border: #5090b0 1px solid;\" align=\"center\" valign=\"middle\"><strong><span style=\"color: #3e748e; font-family: helvetica; font-size: xx-small;\">Anual<\/span><\/strong><\/td>\n<\/tr>\n<tr style=\"height: 20px;\" align=\"center\" valign=\"middle\">\n<td style=\"width: 64%; border: #5090b0 1px solid;\" align=\"center\" valign=\"middle\"><span style=\"color: #000000; font-family: helvetica; font-size: xx-small;\">Perspectiva Pedag\u00f3gica Did\u00e1ctica II\u00a0\u00a0<\/span><\/td>\n<td style=\"width: 12%; border: #5090b0 1px solid;\" align=\"center\" valign=\"middle\"><span style=\"color: #000000; font-family: helvetica; font-size: xx-small;\">\u2022<\/span><\/td>\n<\/tr>\n<tr style=\"height: 20px;\" align=\"center\" valign=\"middle\">\n<td style=\"width: 64%; border: #5090b0 1px solid;\" align=\"center\" valign=\"middle\"><span style=\"color: #000000; font-family: helvetica; font-size: xx-small;\">Perspectiva Filos\u00f3fico Pedag\u00f3gica II\u00a0<\/span><\/td>\n<td style=\"width: 12%; border: #5090b0 1px solid;\" align=\"center\" valign=\"middle\"><span style=\"color: #000000; font-family: helvetica; font-size: xx-small;\">\u2022<\/span><\/td>\n<\/tr>\n<tr style=\"height: 20px;\" align=\"center\" valign=\"middle\">\n<td style=\"width: 64%; border: #5090b0 1px solid;\" align=\"center\" valign=\"middle\"><span style=\"color: #000000; font-family: helvetica; font-size: xx-small;\">Psicolog\u00eda y Cultura del Alumno de EGB 3 y Polimodal <\/span><\/td>\n<td style=\"width: 12%; border: #5090b0 1px solid;\" align=\"center\" valign=\"middle\"><span style=\"color: #000000; font-family: helvetica; font-size: xx-small;\">\u2022<\/span><\/td>\n<\/tr>\n<tr style=\"height: 20px;\" align=\"center\" valign=\"middle\">\n<td style=\"width: 64%; border: #5090b0 1px solid;\" align=\"center\" valign=\"middle\"><span style=\"color: #000000; font-family: helvetica; font-size: xx-small;\">Ling\u00fc\u00edstica y Gram\u00e1tica II <\/span><\/td>\n<td style=\"width: 12%; border: #5090b0 1px solid;\" align=\"center\" valign=\"middle\"><span style=\"color: #000000; font-family: helvetica; font-size: xx-small;\">\u2022<\/span><\/td>\n<\/tr>\n<tr style=\"height: 20px;\" align=\"center\" valign=\"middle\">\n<td style=\"width: 64%; border: #5090b0 1px solid;\" align=\"center\" valign=\"middle\"><span style=\"color: #000000; font-family: helvetica; font-size: xx-small;\">Semi\u00f3tica I <\/span><\/td>\n<td style=\"width: 12%; border: #5090b0 1px solid;\" align=\"center\" valign=\"middle\"><span style=\"color: #000000; font-family: helvetica; font-size: xx-small;\">\u2022<\/span><\/td>\n<\/tr>\n<tr style=\"height: 20px;\" align=\"center\" valign=\"middle\">\n<td style=\"width: 64%; border: #5090b0 1px solid;\" align=\"center\" valign=\"middle\"><span style=\"color: #000000; font-family: helvetica; font-size: xx-small;\">Historia Social y Cultural de la Literatura II <\/span><\/td>\n<td style=\"width: 12%; border: #5090b0 1px solid;\" align=\"center\" valign=\"middle\"><span style=\"color: #000000; font-family: helvetica; font-size: xx-small;\">\u2022<\/span><\/td>\n<\/tr>\n<tr style=\"height: 20px;\" align=\"center\" valign=\"middle\">\n<td style=\"width: 64%; border: #5090b0 1px solid;\" align=\"center\" valign=\"middle\"><span style=\"color: #000000; font-family: helvetica; font-size: xx-small;\">Teor\u00eda Literaria II <\/span><\/td>\n<td style=\"width: 12%; border: #5090b0 1px solid;\" align=\"center\" valign=\"middle\"><span style=\"color: #000000; font-family: helvetica; font-size: xx-small;\">\u00a0\u2022<\/span><\/td>\n<\/tr>\n<tr style=\"height: 20px;\" align=\"center\" valign=\"middle\">\n<td style=\"width: 64%; border: #5090b0 1px solid;\" align=\"center\" valign=\"middle\"><span style=\"color: #000000; font-family: helvetica; font-size: xx-small;\">Lenguas Cl\u00e1sicas I <\/span><\/td>\n<td style=\"width: 12%; border: #5090b0 1px solid;\" align=\"center\" valign=\"middle\"><span style=\"color: #000000; font-family: helvetica; font-size: xx-small;\">\u00a0\u2022<\/span><\/td>\n<\/tr>\n<tr style=\"height: 20px;\" align=\"center\" valign=\"middle\">\n<td style=\"width: 64%; border: #5090b0 1px solid;\" align=\"center\" valign=\"middle\"><span style=\"color: #000000; font-family: helvetica; font-size: xx-small;\">E.D.I. <\/span><\/td>\n<td style=\"width: 12%; border: #5090b0 1px solid;\" align=\"center\" valign=\"middle\"><span style=\"color: #000000; font-family: helvetica; font-size: xx-small;\">\u00a0\u2022<\/span><\/td>\n<\/tr>\n<tr style=\"height: 20px;\" align=\"center\" valign=\"middle\">\n<td style=\"width: 64%; border: #5090b0 1px solid;\" align=\"center\" valign=\"middle\"><span style=\"color: #000000; font-family: helvetica; font-size: xx-small;\">Lengua y Literatura y su Ense\u00f1anza II <\/span><\/td>\n<td style=\"width: 12%; border: #5090b0 1px solid;\" align=\"center\" valign=\"middle\"><span style=\"color: #000000; font-family: helvetica; font-size: xx-small;\">\u00a0\u2022<\/span><\/td>\n<\/tr>\n<tr style=\"height: 20px;\" align=\"center\" valign=\"middle\">\n<td style=\"width: 64%; border: #5090b0 1px solid;\" align=\"center\" valign=\"middle\"><span style=\"color: #000000; font-family: helvetica; font-size: xx-small;\">Espacio de la Pr\u00e1ctica Docente II <\/span><\/td>\n<td style=\"width: 12%; border: #5090b0 1px solid;\" align=\"center\" valign=\"middle\"><span style=\"color: #000000; font-family: helvetica; font-size: xx-small;\">\u00a0\u2022<\/span><\/td>\n<\/tr>\n<tr style=\"height: 20px;\" align=\"center\" valign=\"middle\">\n<td style=\"width: 64%; background-color: #ddeaf0; border: #5090b0 1px solid;\" align=\"center\" valign=\"middle\"><span style=\"font-family: helvetica;\"><span style=\"font-size: xx-small;\">\u00a0<strong><span style=\"color: #3e748e;\">Tercer A\u00f1o<\/span><\/strong><\/span><\/span><\/td>\n<td style=\"width: 12%; background-color: #ddeaf0; border: #5090b0 1px solid;\" align=\"center\" valign=\"middle\"><strong><span style=\"color: #3e748e; font-family: helvetica; font-size: xx-small;\">Anual<\/span><\/strong><\/td>\n<\/tr>\n<tr style=\"height: 20px;\" align=\"center\" valign=\"middle\">\n<td style=\"width: 64%; border: #5090b0 1px solid;\" align=\"center\" valign=\"middle\"><span style=\"color: #000000; font-family: helvetica; font-size: xx-small;\">Perspectiva Filos\u00f3fico-Pedag\u00f3gico-Did\u00e1ctica <\/span><\/td>\n<td style=\"width: 12%; border: #5090b0 1px solid;\" align=\"center\" valign=\"middle\"><span style=\"color: #000000; font-family: helvetica; font-size: xx-small;\">\u2022<\/span><\/td>\n<\/tr>\n<tr style=\"height: 20px;\" align=\"center\" valign=\"middle\">\n<td style=\"width: 64%; border: #5090b0 1px solid;\" align=\"center\" valign=\"middle\"><span style=\"color: #000000; font-family: helvetica; font-size: xx-small;\">Perspectiva Pol\u00edtica Institucional <\/span><\/td>\n<td style=\"width: 12%; border: #5090b0 1px solid;\" align=\"center\" valign=\"middle\"><span style=\"color: #000000; font-family: helvetica; font-size: xx-small;\">\u2022<\/span><\/td>\n<\/tr>\n<tr style=\"height: 20px;\" align=\"center\" valign=\"middle\">\n<td style=\"width: 64%; border: #5090b0 1px solid;\" align=\"center\" valign=\"middle\"><span style=\"color: #000000; font-family: helvetica; font-size: xx-small;\">Primer Nivel de Lengua Extranjera <\/span><\/td>\n<td style=\"width: 12%; border: #5090b0 1px solid;\" align=\"center\" valign=\"middle\"><span style=\"color: #000000; font-family: helvetica; font-size: xx-small;\">\u2022<\/span><\/td>\n<\/tr>\n<tr style=\"height: 20px;\" align=\"center\" valign=\"middle\">\n<td style=\"width: 64%; border: #5090b0 1px solid;\" align=\"center\" valign=\"middle\"><span style=\"color: #000000; font-family: helvetica; font-size: xx-small;\">Semi\u00f3tica II <\/span><\/td>\n<td style=\"width: 12%; border: #5090b0 1px solid;\" align=\"center\" valign=\"middle\"><span style=\"color: #000000; font-family: helvetica; font-size: xx-small;\">\u2022<\/span><\/td>\n<\/tr>\n<tr style=\"height: 20px;\" align=\"center\" valign=\"middle\">\n<td style=\"width: 64%; border: #5090b0 1px solid;\" align=\"center\" valign=\"middle\"><span style=\"color: #000000; font-family: helvetica; font-size: xx-small;\">E.D.I. <\/span><\/td>\n<td style=\"width: 12%; border: #5090b0 1px solid;\" align=\"center\" valign=\"middle\"><span style=\"color: #000000; font-family: helvetica; font-size: xx-small;\">\u2022<\/span><\/td>\n<\/tr>\n<tr style=\"height: 20px;\" align=\"center\" valign=\"middle\">\n<td style=\"width: 64%; border: #5090b0 1px solid;\" align=\"center\" valign=\"middle\"><span style=\"color: #000000; font-family: helvetica; font-size: xx-small;\">Lenguas Cl\u00e1sicas II <\/span><\/td>\n<td style=\"width: 12%; border: #5090b0 1px solid;\" align=\"center\" valign=\"middle\"><span style=\"color: #000000; font-family: helvetica; font-size: xx-small;\">\u2022<\/span><\/td>\n<\/tr>\n<tr style=\"height: 20px;\" align=\"center\" valign=\"middle\">\n<td style=\"width: 64%; border: #5090b0 1px solid;\" align=\"center\" valign=\"middle\"><span style=\"color: #000000; font-family: helvetica; font-size: xx-small;\">Ling\u00fc\u00edstica y Dram\u00e1tica III <\/span><\/td>\n<td style=\"width: 12%; border: #5090b0 1px solid;\" align=\"center\" valign=\"middle\"><span style=\"color: #000000; font-family: helvetica; font-size: xx-small;\">\u00a0\u2022<\/span><\/td>\n<\/tr>\n<tr style=\"height: 20px;\" align=\"center\" valign=\"middle\">\n<td style=\"width: 64%; border: #5090b0 1px solid;\" align=\"center\" valign=\"middle\"><span style=\"color: #000000; font-family: helvetica; font-size: xx-small;\">Historia Social y Cultural de la Literatura III <\/span><\/td>\n<td style=\"width: 12%; border: #5090b0 1px solid;\" align=\"center\" valign=\"middle\"><span style=\"color: #000000; font-family: helvetica; font-size: xx-small;\">\u00a0\u2022<\/span><\/td>\n<\/tr>\n<tr style=\"height: 20px;\" align=\"center\" valign=\"middle\">\n<td style=\"width: 64%; border: #5090b0 1px solid;\" align=\"center\" valign=\"middle\"><span style=\"color: #000000; font-family: helvetica; font-size: xx-small;\">Teor\u00eda Literaria III <\/span><\/td>\n<td style=\"width: 12%; border: #5090b0 1px solid;\" align=\"center\" valign=\"middle\"><span style=\"color: #000000; font-family: helvetica; font-size: xx-small;\">\u00a0\u2022<\/span><\/td>\n<\/tr>\n<tr style=\"height: 20px;\" align=\"center\" valign=\"middle\">\n<td style=\"width: 64%; border: #5090b0 1px solid;\" align=\"center\" valign=\"middle\"><span style=\"color: #000000; font-family: helvetica; font-size: xx-small;\">Espacio de la Pr\u00e1ctica Docente III <\/span><\/td>\n<td style=\"width: 12%; border: #5090b0 1px solid;\" align=\"center\" valign=\"middle\"><span style=\"color: #000000; font-family: helvetica; font-size: xx-small;\">\u00a0\u2022<\/span><\/td>\n<\/tr>\n<tr style=\"height: 20px;\" align=\"center\" valign=\"middle\">\n<td style=\"width: 64%; background-color: #ddeaf0; border: #5090b0 1px solid;\" align=\"center\" valign=\"middle\"><span style=\"font-family: helvetica;\"><span style=\"font-size: xx-small;\">\u00a0<strong><span style=\"color: #3e748e;\">Cuarto A\u00f1o<\/span><\/strong><\/span><\/span><\/td>\n<td style=\"width: 12%; background-color: #ddeaf0; border: #5090b0 1px solid;\" align=\"center\" valign=\"middle\"><span style=\"font-family: helvetica;\"><span style=\"font-size: xx-small;\"><strong><span style=\"color: #3e748e;\">Anual<\/span><\/strong>\u00a0<\/span><\/span><\/td>\n<\/tr>\n<tr style=\"height: 20px;\" align=\"center\" valign=\"middle\">\n<td style=\"width: 64%; border: #5090b0 1px solid;\" align=\"center\" valign=\"middle\"><span style=\"color: #000000; font-family: helvetica; font-size: xx-small;\">Teor\u00eda Literaria IV<\/span><\/td>\n<td style=\"width: 12%; border: #5090b0 1px solid;\" align=\"center\" valign=\"middle\"><span style=\"color: #000000; font-family: helvetica; font-size: xx-small;\">\u2022<\/span><\/td>\n<\/tr>\n<tr style=\"height: 20px;\" align=\"center\" valign=\"middle\">\n<td style=\"width: 64%; border: #5090b0 1px solid;\" align=\"center\" valign=\"middle\"><span style=\"color: #000000; font-family: helvetica; font-size: xx-small;\">Psicoling\u00fcistica<\/span><\/td>\n<td style=\"width: 12%; border: #5090b0 1px solid;\" align=\"center\" valign=\"middle\"><span style=\"color: #000000; font-family: helvetica; font-size: xx-small;\">\u2022<\/span><\/td>\n<\/tr>\n<tr style=\"height: 20px;\" align=\"center\" valign=\"middle\">\n<td style=\"width: 64%; border: #5090b0 1px solid;\" align=\"center\" valign=\"middle\"><span style=\"color: #000000; font-family: helvetica; font-size: xx-small;\">Socioling\u00fcistica<\/span><\/td>\n<td style=\"width: 12%; border: #5090b0 1px solid;\" align=\"center\" valign=\"middle\"><span style=\"color: #000000; font-family: helvetica; font-size: xx-small;\">\u2022<\/span><\/td>\n<\/tr>\n<tr style=\"height: 20px;\" align=\"center\" valign=\"middle\">\n<td style=\"width: 64%; border: #5090b0 1px solid;\" align=\"center\" valign=\"middle\"><span style=\"color: #000000; font-family: helvetica; font-size: xx-small;\">Historia Social y Cultural de la Literatura IV<\/span><\/td>\n<td style=\"width: 12%; border: #5090b0 1px solid;\" align=\"center\" valign=\"middle\"><span style=\"color: #000000; font-family: helvetica; font-size: xx-small;\">\u2022<\/span><\/td>\n<\/tr>\n<tr style=\"height: 20px;\" align=\"center\" valign=\"middle\">\n<td style=\"width: 64%; border: #5090b0 1px solid;\" align=\"center\" valign=\"middle\"><span style=\"color: #000000; font-family: helvetica; font-size: xx-small;\">Ling\u00fc\u00edstica y Gram\u00e1tica IV<\/span><\/td>\n<td style=\"width: 12%; border: #5090b0 1px solid;\" align=\"center\" valign=\"middle\"><span style=\"color: #000000; font-family: helvetica; font-size: xx-small;\">\u2022<\/span><\/td>\n<\/tr>\n<tr style=\"height: 20px;\" align=\"center\" valign=\"middle\">\n<td style=\"width: 64%; border: #5090b0 1px solid;\" align=\"center\" valign=\"middle\"><span style=\"color: #000000; font-family: helvetica; font-size: xx-small;\">Segundo Nivel de Lengua Extranjera<\/span><\/td>\n<td style=\"width: 12%; border: #5090b0 1px solid;\" align=\"center\" valign=\"middle\"><span style=\"color: #000000; font-family: helvetica; font-size: xx-small;\">\u2022<\/span><\/td>\n<\/tr>\n<tr style=\"height: 20px;\" align=\"center\" valign=\"middle\">\n<td style=\"width: 64%; border: #5090b0 1px solid;\" align=\"center\" valign=\"middle\"><span style=\"color: #000000; font-family: helvetica; font-size: xx-small;\">\u00a0E.D.I.<\/span><\/td>\n<td style=\"width: 12%; border: #5090b0 1px solid;\" align=\"center\" valign=\"middle\"><span style=\"color: #000000; font-family: helvetica; font-size: xx-small;\">\u2022<\/span><\/td>\n<\/tr>\n<tr style=\"height: 20px;\" align=\"center\" valign=\"middle\">\n<td style=\"width: 64%; border: #5090b0 1px solid;\" align=\"center\" valign=\"middle\"><span style=\"color: #000000; font-family: helvetica; font-size: xx-small;\">Espacio de la Pr\u00e1ctica Docente IV<\/span><\/td>\n<td style=\"width: 12%; border: #5090b0 1px solid;\" align=\"center\" valign=\"middle\"><span style=\"color: #000000; font-family: helvetica; font-size: xx-small;\">\u2022<\/span><\/td>\n<\/tr>\n<\/tbody>\n<\/table>\n<p>&nbsp;<\/p>\n","protected":false},"excerpt":{"rendered":"<p>&nbsp; \u00a0Formaci\u00f3n Docente en Lengua y Literatura (R. M. N\u00ba 13259\/99-29\/03 y 4664\/03) \u00a0 \u00a0Primer a\u00f1o\u00a0 \u00a0Anual Perspectiva Filos\u00f3fica &#8211; Pedag\u00f3gica I \u2022 Perspectiva Pedag\u00f3gica &#8211; Did\u00e1ctica I \u2022 Perspectiva Socio &#8211; Pol\u00edtica \u2022 Psicolog\u00eda y Cultura en la Educaci\u00f3n \u2022 Ling\u00fc\u00edstica Gram\u00e1tica Textual e Intr. a la \u2022 Psicoling\u00fc\u00edstica y Socioling\u00fc\u00edstica \u00a0\u2022 Teor\u00eda Literaria &#8230; <a title=\"Plan de estudios (Plan Viejo)\" class=\"read-more\" href=\"https:\/\/isfd129-bue.infd.edu.ar\/sitio\/plan-de-estudios\/\" aria-label=\"More on Plan de estudios (Plan Viejo)\">[+]<\/a><\/p>\n","protected":false},"author":1681,"featured_media":0,"parent":0,"menu_order":0,"comment_status":"closed","ping_status":"closed","template":"","meta":[],"acf":[],"_links":{"self":[{"href":"https:\/\/isfd129-bue.infd.edu.ar\/sitio\/wp-json\/wp\/v2\/pages\/1017"}],"collection":[{"href":"https:\/\/isfd129-bue.infd.edu.ar\/sitio\/wp-json\/wp\/v2\/pages"}],"about":[{"href":"https:\/\/isfd129-bue.infd.edu.ar\/sitio\/wp-json\/wp\/v2\/types\/page"}],"author":[{"embeddable":true,"href":"https:\/\/isfd129-bue.infd.edu.ar\/sitio\/wp-json\/wp\/v2\/users\/1681"}],"replies":[{"embeddable":true,"href":"https:\/\/isfd129-bue.infd.edu.ar\/sitio\/wp-json\/wp\/v2\/comments?post=1017"}],"version-history":[{"count":2,"href":"https:\/\/isfd129-bue.infd.edu.ar\/sitio\/wp-json\/wp\/v2\/pages\/1017\/revisions"}],"predecessor-version":[{"id":1621,"href":"https:\/\/isfd129-bue.infd.edu.ar\/sitio\/wp-json\/wp\/v2\/pages\/1017\/revisions\/1621"}],"wp:attachment":[{"href":"https:\/\/isfd129-bue.infd.edu.ar\/sitio\/wp-json\/wp\/v2\/media?parent=1017"}],"curies":[{"name":"wp","href":"https:\/\/api.w.org\/{rel}","templated":true}]}}