{"id":1737,"date":"2020-03-29T13:23:29","date_gmt":"2020-03-29T16:23:29","guid":{"rendered":"https:\/\/isfd129-bue.infd.edu.ar\/sitio\/?page_id=1737"},"modified":"2020-05-18T14:11:33","modified_gmt":"2020-05-18T17:11:33","slug":"becas","status":"publish","type":"page","link":"https:\/\/isfd129-bue.infd.edu.ar\/sitio\/becas\/","title":{"rendered":"Becas"},"content":{"rendered":"<div class=\"text_exposed_show\">\n<p><span style=\"font-family: arial, sans-serif;\">Querid@s estudiantes:<\/span><\/p>\n<p><span style=\"font-family: arial, sans-serif;\">Para quienes no est\u00e1n inscriptos a\u00fan en la linea de \u201cBecas Progresar\u201d, les informamos que podr\u00e1n inscribirse hasta este jueves 21 presentando las planillas de Inscripci\u00f3n y Declaraci\u00f3n Jurada en nuestro Instituto.<\/span><\/p>\n<p><span style=\"font-family: arial, sans-serif;\">Estaremos recibiendo las planillas completas y firmadas para remitir el d\u00eda viernes a la Jefatura Distrital.<\/span><\/p>\n<p><strong><span style=\"font-family: arial, sans-serif;\">Las planillas deber\u00e1n ser entregadas en el Instituto el d\u00eda jueves 21\/5 a las 14:00 hs.<\/span><\/strong><\/p>\n<p><span style=\"font-family: arial, sans-serif;\">Dejamos a disposici\u00f3n las planillas para su descarga:<\/span><\/p>\n<p><a href=\"https:\/\/isfd129-bue.infd.edu.ar\/sitio\/wp-content\/uploads\/2020\/05\/PS-1.57-DD.JJ-Situacion-Familiar_0.pdf\">DD JJ &#8211; Situaci\u00f3n familiar<\/a><\/p>\n<p><a href=\"https:\/\/isfd129-bue.infd.edu.ar\/sitio\/wp-content\/uploads\/2020\/05\/Formulario-Progresar-PS-2.87-version-1.2.pdf\">Formulario Progresar <\/a><\/p>\n<p><span style=\"font-family: arial, sans-serif;\">Por cualquier consulta al respecto, no duden en escribirnos.<\/span><\/p>\n<p>&nbsp;<\/p>\n<\/div>\n","protected":false},"excerpt":{"rendered":"<p>Querid@s estudiantes: Para quienes no est\u00e1n inscriptos a\u00fan en la linea de \u201cBecas Progresar\u201d, les informamos que podr\u00e1n inscribirse hasta este jueves 21 presentando las planillas de Inscripci\u00f3n y Declaraci\u00f3n Jurada en nuestro Instituto. Estaremos recibiendo las planillas completas y firmadas para remitir el d\u00eda viernes a la Jefatura Distrital. Las planillas deber\u00e1n ser entregadas &#8230; <a title=\"Becas\" class=\"read-more\" href=\"https:\/\/isfd129-bue.infd.edu.ar\/sitio\/becas\/\" aria-label=\"More on Becas\">[+]<\/a><\/p>\n","protected":false},"author":2220,"featured_media":0,"parent":0,"menu_order":0,"comment_status":"closed","ping_status":"closed","template":"","meta":[],"acf":[],"_links":{"self":[{"href":"https:\/\/isfd129-bue.infd.edu.ar\/sitio\/wp-json\/wp\/v2\/pages\/1737"}],"collection":[{"href":"https:\/\/isfd129-bue.infd.edu.ar\/sitio\/wp-json\/wp\/v2\/pages"}],"about":[{"href":"https:\/\/isfd129-bue.infd.edu.ar\/sitio\/wp-json\/wp\/v2\/types\/page"}],"author":[{"embeddable":true,"href":"https:\/\/isfd129-bue.infd.edu.ar\/sitio\/wp-json\/wp\/v2\/users\/2220"}],"replies":[{"embeddable":true,"href":"https:\/\/isfd129-bue.infd.edu.ar\/sitio\/wp-json\/wp\/v2\/comments?post=1737"}],"version-history":[{"count":7,"href":"https:\/\/isfd129-bue.infd.edu.ar\/sitio\/wp-json\/wp\/v2\/pages\/1737\/revisions"}],"predecessor-version":[{"id":1983,"href":"https:\/\/isfd129-bue.infd.edu.ar\/sitio\/wp-json\/wp\/v2\/pages\/1737\/revisions\/1983"}],"wp:attachment":[{"href":"https:\/\/isfd129-bue.infd.edu.ar\/sitio\/wp-json\/wp\/v2\/media?parent=1737"}],"curies":[{"name":"wp","href":"https:\/\/api.w.org\/{rel}","templated":true}]}}