{"id":1857,"date":"2020-04-23T16:13:13","date_gmt":"2020-04-23T19:13:13","guid":{"rendered":"https:\/\/isfd129-bue.infd.edu.ar\/sitio\/?page_id=1857"},"modified":"2026-04-10T10:17:36","modified_gmt":"2026-04-10T13:17:36","slug":"equivalencias","status":"publish","type":"page","link":"https:\/\/isfd129-bue.infd.edu.ar\/sitio\/equivalencias\/","title":{"rendered":"Equivalencias"},"content":{"rendered":"<hr \/>\n<p align=\"justify\"><strong>Equivalencia autom\u00e1tica<\/strong><br \/>\nSe otorgar\u00e1 equivalencia autom\u00e1tica cuando se trate de unidades curriculares con la misma denominaci\u00f3n y contenidos en los planes de estudio de las carreras vigentes en la jurisdicci\u00f3n<\/p>\n<hr \/>\n<p align=\"justify\"><strong>Pautas para solicitud y acreditaci\u00f3n de unidades curriculares por equivalencia autom\u00e1tica<\/strong><\/p>\n<p align=\"justify\">\u25cf Solicitar mediante \u00ab<a href=\"https:\/\/isfd129-bue.infd.edu.ar\/sitio\/wp-content\/uploads\/2026\/04\/Equivalencia-por-asignatura-1.pdf\" target=\"_blank\" rel=\"noopener\">Nota firmada\u00bb,<\/a> junto a la <a href=\"https:\/\/isfd129-bue.infd.edu.ar\/sitio\/wp-content\/uploads\/2026\/04\/Equivalencia-Tabla-resumen-4.pdf\" target=\"_blank\" rel=\"noopener\">\u00abTabla de resumen\u00bb<\/a>, en la secretar\u00eda del Instituto, antes del 30 de abril de cada a\u00f1o, el reconocimiento de equivalencias de unidades curriculares acreditadas en la misma o en otra instituci\u00f3n del nivel superior de la jurisdicci\u00f3n<\/p>\n<p align=\"justify\">\u25cf Acompa\u00f1ar la solicitud con el certificado anal\u00edtico de estudios realizados<\/p>\n<p align=\"justify\">\u25cf Cursar la unidad curricular cuya acreditaci\u00f3n se solicita por equivalencia, hasta tanto se le confirme fehacientemente que se le otorg\u00f3 lo solicitado.<\/p>\n<hr \/>\n<p align=\"justify\"><strong>Equivalencia total o parcial<\/strong><br \/>\nLa equivalencia de UC podr\u00e1 ser completa o parcial. En ambos casos, se ponderan los saberes acreditados en carreras del nivel superior reconocidas.<\/p>\n<p align=\"justify\"><strong>Pautas para solicitud y acreditaci\u00f3n de unidades curriculares por equivalencias<\/strong><br \/>\nPara solicitar la acreditaci\u00f3n por equivalencia, la\/el estudiante deber\u00e1:<br \/>\n\u25cf Solicitar mediante nota firmada, en la secretar\u00eda del instituto, antes del 30 de abril de cada a\u00f1o, el reconocimiento de equivalencias de unidades curriculares acreditadas en la misma instituci\u00f3n o en otra instituci\u00f3n educativa de Nivel Superior reconocida oficialmente.<br \/>\n\u25cf Acompa\u00f1ar la solicitud con el certificado anal\u00edtico de estudios realizados y los programas que correspondan, en los que conste carga horaria, contenidos y bibliograf\u00eda, de las unidades curriculares en las que solicita equivalencia.<br \/>\n\u25cf La documentaci\u00f3n deber\u00e1 estar foliada, con firma y sello de las autoridades de la instituci\u00f3n emisora.<br \/>\n\u25cf Cursar la unidad curricular cuya acreditaci\u00f3n se solicita por equivalencia, hasta tanto se le confirme fehacientemente que se le otorg\u00f3 lo solicitado.<\/p>\n<hr \/>\n<p align=\"justify\"><strong><span style=\"font-family: arial, sans-serif;\">PARA SOLICITAR PROGRAMAS PARA PRESENTAR EQUIVALENCIAS EN OTROS INSTITUTOS:<\/span><\/strong><\/p>\n<p align=\"justify\"><span style=\"font-family: arial, sans-serif;\">Podr\u00e1n solicitar el Programa,<strong> hasta el 15 de abril como fecha l\u00edmite,<\/strong> enviando un correo a <strong>secretaria129junin@gmail.com<\/strong>, indicando: nombre y apellidos completos, DNI, carrera, a\u00f1o, nombre completo de la\/s materia\/s,\u00a0 y correo electr\u00f3nico.\u00a0<\/span><\/p>\n<p align=\"justify\"><strong><span style=\"font-family: arial, sans-serif;\">IMPORTANTE:<\/span><\/strong><\/p>\n<p align=\"justify\"><span style=\"font-family: arial, sans-serif;\">Dado el volumen de solicitudes que recibimos, es probable que reciban los programas con algunos d\u00edas de demora. Les pedimos que tengan a bien aguardar la recepci\u00f3n del correo con los programas solicitados.\u00a0<\/span><\/p>\n","protected":false},"excerpt":{"rendered":"<p>Equivalencia autom\u00e1tica Se otorgar\u00e1 equivalencia autom\u00e1tica cuando se trate de unidades curriculares con la misma denominaci\u00f3n y contenidos en los planes de estudio de las carreras vigentes en la jurisdicci\u00f3n Pautas para solicitud y acreditaci\u00f3n de unidades curriculares por equivalencia autom\u00e1tica \u25cf Solicitar mediante \u00abNota firmada\u00bb, junto a la \u00abTabla de resumen\u00bb, en la secretar\u00eda &#8230; <a title=\"Equivalencias\" class=\"read-more\" href=\"https:\/\/isfd129-bue.infd.edu.ar\/sitio\/equivalencias\/\" aria-label=\"More on Equivalencias\">[+]<\/a><\/p>\n","protected":false},"author":2220,"featured_media":0,"parent":0,"menu_order":0,"comment_status":"closed","ping_status":"closed","template":"","meta":[],"acf":[],"_links":{"self":[{"href":"https:\/\/isfd129-bue.infd.edu.ar\/sitio\/wp-json\/wp\/v2\/pages\/1857"}],"collection":[{"href":"https:\/\/isfd129-bue.infd.edu.ar\/sitio\/wp-json\/wp\/v2\/pages"}],"about":[{"href":"https:\/\/isfd129-bue.infd.edu.ar\/sitio\/wp-json\/wp\/v2\/types\/page"}],"author":[{"embeddable":true,"href":"https:\/\/isfd129-bue.infd.edu.ar\/sitio\/wp-json\/wp\/v2\/users\/2220"}],"replies":[{"embeddable":true,"href":"https:\/\/isfd129-bue.infd.edu.ar\/sitio\/wp-json\/wp\/v2\/comments?post=1857"}],"version-history":[{"count":23,"href":"https:\/\/isfd129-bue.infd.edu.ar\/sitio\/wp-json\/wp\/v2\/pages\/1857\/revisions"}],"predecessor-version":[{"id":3476,"href":"https:\/\/isfd129-bue.infd.edu.ar\/sitio\/wp-json\/wp\/v2\/pages\/1857\/revisions\/3476"}],"wp:attachment":[{"href":"https:\/\/isfd129-bue.infd.edu.ar\/sitio\/wp-json\/wp\/v2\/media?parent=1857"}],"curies":[{"name":"wp","href":"https:\/\/api.w.org\/{rel}","templated":true}]}}