{"id":1955,"date":"2020-05-04T21:29:25","date_gmt":"2020-05-05T00:29:25","guid":{"rendered":"https:\/\/isfd129-bue.infd.edu.ar\/sitio\/?page_id=1955"},"modified":"2025-02-18T22:23:00","modified_gmt":"2025-02-19T01:23:00","slug":"pases","status":"publish","type":"page","link":"https:\/\/isfd129-bue.infd.edu.ar\/sitio\/pases\/","title":{"rendered":"Pases"},"content":{"rendered":"<p align=\"justify\">Ingresar\u00e1n por pase las y los estudiantes que se encuentren cursando una carrera con Plan de Estudios vigente en la Provincia de Buenos Aires y con el mismo n\u00famero de resoluci\u00f3n que se dicta en el Instituto receptor. En caso de adeudar la acreditaci\u00f3n final de una o m\u00e1s unidades curriculares, mantendr\u00e1n la validez de la cursada en las mismas condiciones que prescribe el presente Anexo pero deber\u00e1n adecuarse a las condiciones fijadas en el Plan Institucional de Evaluaci\u00f3n de la instituci\u00f3n receptora.<\/p>\n<p align=\"justify\">Para estudiantes que provienen de carreras con la misma denominaci\u00f3n pero de otra jurisdicci\u00f3n nacional, el equipo directivo y docente realizar\u00e1, a partir de la documentaci\u00f3n respaldatoria, un plan de equivalencias que ponga en valor la trayectoria realizada por la o el estudiante.<\/p>\n<p align=\"justify\">El pase puede ser solicitado por la o el estudiante en cualquier momento del ciclo lectivo. Las dos instituciones que intervienen en el proceso deber\u00e1n dar curso al pedido dentro de los 10 (diez) d\u00edas h\u00e1biles posteriores al ingreso del tr\u00e1mite.<\/p>\n<p align=\"justify\"><strong>SOLICITUD DE PASE<\/strong><\/p>\n<p align=\"justify\">Para ingresar al ISFD N\u00ba 129 por pase, desde otra Instituci\u00f3n, deber\u00e1 completar el <a href=\"https:\/\/forms.gle\/9Y7qymujPb2Da1Qe9\">FORMULARIO DE PASE<\/a>, adjuntando la siguiente informaci\u00f3n digitalizada:<\/p>\n<ol>\n<li><a href=\"https:\/\/isfd129-bue.infd.edu.ar\/sitio\/wp-content\/uploads\/2025\/02\/Solicitud-de-pase.pdf\">Nota de solicitud de pase<\/a><\/li>\n<li>&nbsp;\u00abCertificado Anal\u00edtico\u00bb, firmado por la Instituci\u00f3n, con la situaci\u00f3n de materias acreditadas, fechas de acreditaci\u00f3n y cursadas actualizadas<\/li>\n<li>Copia de DNI con frente y dorso<\/li>\n<\/ol>\n<p>Luego, habiendo sido aprobada la tramitaci\u00f3n del pase, deber\u00e1 acercar al Instituto:<\/p>\n<ol>\n<li>\u00ab<a href=\"https:\/\/isfd129-bue.infd.edu.ar\/sitio\/wp-content\/uploads\/2024\/11\/Formacion-Docente-inicial-Tecnica-y-Artistica-Planilla-de-inscripcion-Educacion-Superior.pdf\" target=\"_blank\" rel=\"noreferrer noopener\">Planilla de Inscripci\u00f3n<\/a>\u00bb<\/li>\n<li>&nbsp;Dos Fotos carnet 4&#215;4<\/li>\n<\/ol>\n<p>Ante cualquier duda respecto del procedimiento de pase, podr\u00e1 escribir al correo secretaria129junin@gmail.com<\/p>\n","protected":false},"excerpt":{"rendered":"<p>Ingresar\u00e1n por pase las y los estudiantes que se encuentren cursando una carrera con Plan de Estudios vigente en la Provincia de Buenos Aires y con el mismo n\u00famero de resoluci\u00f3n que se dicta en el Instituto receptor. En caso de adeudar la acreditaci\u00f3n final de una o m\u00e1s unidades curriculares, mantendr\u00e1n la validez de &#8230; <a title=\"Pases\" class=\"read-more\" href=\"https:\/\/isfd129-bue.infd.edu.ar\/sitio\/pases\/\" aria-label=\"More on Pases\">[+]<\/a><\/p>\n","protected":false},"author":1663,"featured_media":0,"parent":0,"menu_order":0,"comment_status":"closed","ping_status":"closed","template":"","meta":[],"acf":[],"_links":{"self":[{"href":"https:\/\/isfd129-bue.infd.edu.ar\/sitio\/wp-json\/wp\/v2\/pages\/1955"}],"collection":[{"href":"https:\/\/isfd129-bue.infd.edu.ar\/sitio\/wp-json\/wp\/v2\/pages"}],"about":[{"href":"https:\/\/isfd129-bue.infd.edu.ar\/sitio\/wp-json\/wp\/v2\/types\/page"}],"author":[{"embeddable":true,"href":"https:\/\/isfd129-bue.infd.edu.ar\/sitio\/wp-json\/wp\/v2\/users\/1663"}],"replies":[{"embeddable":true,"href":"https:\/\/isfd129-bue.infd.edu.ar\/sitio\/wp-json\/wp\/v2\/comments?post=1955"}],"version-history":[{"count":14,"href":"https:\/\/isfd129-bue.infd.edu.ar\/sitio\/wp-json\/wp\/v2\/pages\/1955\/revisions"}],"predecessor-version":[{"id":3393,"href":"https:\/\/isfd129-bue.infd.edu.ar\/sitio\/wp-json\/wp\/v2\/pages\/1955\/revisions\/3393"}],"wp:attachment":[{"href":"https:\/\/isfd129-bue.infd.edu.ar\/sitio\/wp-json\/wp\/v2\/media?parent=1955"}],"curies":[{"name":"wp","href":"https:\/\/api.w.org\/{rel}","templated":true}]}}