{"id":2251,"date":"2020-12-02T16:01:50","date_gmt":"2020-12-02T19:01:50","guid":{"rendered":"https:\/\/isfd129-bue.infd.edu.ar\/sitio\/?page_id=2251"},"modified":"2026-03-25T22:56:22","modified_gmt":"2026-03-26T01:56:22","slug":"prof-para-el-nivel-inicial","status":"publish","type":"page","link":"https:\/\/isfd129-bue.infd.edu.ar\/sitio\/prof-para-el-nivel-inicial\/","title":{"rendered":"Profesorado de Inicial"},"content":{"rendered":"<div id=\"metaslider-id-2464\" style=\"width: 100%;\" class=\"ml-slider-3-33-0 metaslider metaslider-nivo metaslider-2464 ml-slider ms-theme-default\" role=\"region\" aria-roledescription=\"Slideshow\" aria-label=\"Slideshow\">\n    <div id=\"metaslider_container_2464\">\n        <div class='slider-wrapper theme-default'><div class='ribbon'><\/div><div id='metaslider_2464' class='nivoSlider'><img src=\"https:\/\/isfd129-bue.infd.edu.ar\/sitio\/wp-content\/uploads\/2020\/12\/30-FotoPost-1110x417.jpg\" height=\"417\" width=\"1110\" title=\"30-FotoPost\" alt=\"\" class=\"slider-2464 slide-2474\" \/><img src=\"https:\/\/isfd129-bue.infd.edu.ar\/sitio\/wp-content\/uploads\/2020\/12\/ansiedad-01-798x300.jpg\" height=\"417\" width=\"1110\" title=\"ansiedad-01\" alt=\"\" class=\"slider-2464 slide-2476\" \/><img src=\"https:\/\/isfd129-bue.infd.edu.ar\/sitio\/wp-content\/uploads\/2020\/12\/la-importancia-del-juego-en-el-nivel-inicial-788128-1110x417.jpg\" height=\"417\" width=\"1110\" title=\"la-importancia-del-juego-en-el-nivel-inicial-788128\" alt=\"\" class=\"slider-2464 slide-2479\" \/><img src=\"https:\/\/isfd129-bue.infd.edu.ar\/sitio\/wp-content\/uploads\/2020\/12\/Tiempo_Libre-780x293.jpg\" height=\"417\" width=\"1110\" title=\"Tiempo_Libre\" alt=\"\" class=\"slider-2464 slide-2482\" \/><img src=\"https:\/\/isfd129-bue.infd.edu.ar\/sitio\/wp-content\/uploads\/2020\/12\/12303779-grupo-de-ni\u00f1os-ni\u00f1o-feliz-divertirse-y-jugar-al-aire-libre-en-el-jard\u00edn-de-infantes-concepto-de-educaci\u00f3n-prees-1024x384.jpg\" height=\"417\" width=\"1110\" title=\"12303779-grupo-de-ni\u00f1os-ni\u00f1o-feliz-divertirse-y-jugar-al-aire-libre-en-el-jard\u00edn-de-infantes-concepto-de-educaci\u00f3n-prees\" alt=\"\" class=\"slider-2464 slide-2475\" \/><img src=\"https:\/\/isfd129-bue.infd.edu.ar\/sitio\/wp-content\/uploads\/2020\/12\/Curso_Monitor_Ocio_Tiempo_Libre_Homologado_Xunta_Galicia-600x225.jpg\" height=\"417\" width=\"1110\" title=\"Curso_Monitor_Ocio_Tiempo_Libre_Homologado_Xunta_Galicia\" alt=\"\" class=\"slider-2464 slide-2477\" \/><img src=\"https:\/\/isfd129-bue.infd.edu.ar\/sitio\/wp-content\/uploads\/2020\/12\/Jard\u00edn-de-Infantes-N\u00ba-930-770x289.jpg\" height=\"417\" width=\"1110\" title=\"Jard\u00edn-de-Infantes-N\u00ba-930\" alt=\"\" class=\"slider-2464 slide-2478\" \/><img src=\"https:\/\/isfd129-bue.infd.edu.ar\/sitio\/wp-content\/uploads\/2020\/12\/monitor-1110x417.jpeg\" height=\"417\" width=\"1110\" title=\"monitor\" alt=\"\" class=\"slider-2464 slide-2480\" \/><img src=\"https:\/\/isfd129-bue.infd.edu.ar\/sitio\/wp-content\/uploads\/2020\/12\/ninos-juegan-corro-p-650x244.jpg\" height=\"417\" width=\"1110\" title=\"ninos-juegan-corro-p\" alt=\"\" class=\"slider-2464 slide-2481\" \/><\/div><\/div>\n        \n    <\/div>\n<\/div>\n<p style=\"padding-left: 30px;\"><a href=\"https:\/\/isfd129-bue.infd.edu.ar\/sitio\/wp-content\/uploads\/2020\/12\/dcurricularsuperior.pdf\" target=\"_blank\" rel=\"noopener\"><img decoding=\"async\" loading=\"lazy\" class=\"alignnone wp-image-2303\" src=\"https:\/\/isfd129-bue.infd.edu.ar\/sitio\/wp-content\/uploads\/2020\/12\/DISE\u00d1O-CURRICULAR-3.png\" alt=\"\" width=\"236\" height=\"236\" \/><\/a> <a href=\"https:\/\/isfd129-bue.infd.edu.ar\/sitio\/wp-content\/uploads\/2020\/12\/Plan-de-estudios-3.pdf\" target=\"_blank\" rel=\"noopener\"><img decoding=\"async\" loading=\"lazy\" class=\"alignnone wp-image-2286\" src=\"https:\/\/isfd129-bue.infd.edu.ar\/sitio\/wp-content\/uploads\/2020\/12\/DISE\u00d1O-CURRICULAR.png\" alt=\"\" width=\"236\" height=\"236\" \/><\/a> <a href=\"https:\/\/isfd129-bue.infd.edu.ar\/sitio\/wp-content\/uploads\/2024\/02\/IF-2023-45620671-GDEBA-SDIFDIDGCYE-Inicial-ANEXO2.pdf\" target=\"_blank\" rel=\"noopener\"><img decoding=\"async\" loading=\"lazy\" class=\"alignnone wp-image-2287\" src=\"https:\/\/isfd129-bue.infd.edu.ar\/sitio\/wp-content\/uploads\/2020\/12\/DISE\u00d1O-CURRICULAR-1.png\" alt=\"\" width=\"236\" height=\"236\" \/><\/a> <a href=\"https:\/\/docs.google.com\/spreadsheets\/d\/1Te1Er3txyyknxpjcJxAih7NuO-6CONdcPGu07JnhPUU\/edit?usp=sharing\"><img decoding=\"async\" loading=\"lazy\" class=\"alignnone wp-image-2299\" src=\"https:\/\/isfd129-bue.infd.edu.ar\/sitio\/wp-content\/uploads\/2020\/12\/DISE\u00d1O-CURRICULAR-2.png\" alt=\"\" width=\"236\" height=\"236\" \/><\/a><\/p>\n<p style=\"padding-left: 30px;\"><img decoding=\"async\" loading=\"lazy\" class=\"alignnone size-medium wp-image-2682\" src=\"https:\/\/isfd129-bue.infd.edu.ar\/sitio\/wp-content\/uploads\/2021\/03\/3-1-1000x30.png\" alt=\"\" width=\"1000\" height=\"30\" srcset=\"https:\/\/isfd129-bue.infd.edu.ar\/sitio\/wp-content\/uploads\/2021\/03\/3-1-1000x30.png 1000w, https:\/\/isfd129-bue.infd.edu.ar\/sitio\/wp-content\/uploads\/2021\/03\/3-1-768x23.png 768w, https:\/\/isfd129-bue.infd.edu.ar\/sitio\/wp-content\/uploads\/2021\/03\/3-1.png 1292w\" sizes=\"(max-width: 1000px) 100vw, 1000px\" \/><\/p>\n<hr \/>\n<p style=\"text-align: justify;\">El Dise\u00f1o Curricular de la Formaci\u00f3n Docente de Nivel Inicial y Nivel Primario ha sido construido\u00a0sobre la base de un proceso participativo desarrollado durante el per\u00edodo 2006 \u2013 2007. Ese proceso\u00a0se inici\u00f3 con la voluntad pol\u00edtica de la Direcci\u00f3n General de Cultura y Educaci\u00f3n de la Provincia de\u00a0Buenos Aires, m\u00e1s el impulso concreto dado por la Direcci\u00f3n de Educaci\u00f3n Superior (DES). Como\u00a0marco pol\u00edtico y conceptual de todo el proceso, se produjo un documento base titulado Redefinici\u00f3n\u00a0de la Formaci\u00f3n Docente de Inicial y EGB. Documento de discusi\u00f3n, que tuvo en cuenta estudios y\u00a0experiencias precedentes acerca del tema.<\/p>\n<p style=\"text-align: justify;\">El dise\u00f1o y desarrollo del curr\u00edculo constituye una pr\u00e1ctica pedag\u00f3gica y por ello social en la que se\u00a0dirimen posiciones acerca de los sujetos, las culturas y la sociedad, articulando idealidad y realidad\u00a0social en tanto representaci\u00f3n y concreci\u00f3n de un proyecto educativo.<\/p>\n<p style=\"text-align: justify;\">El curr\u00edculum es esencialmente un asunto pol\u00edtico, sin que por ello se olviden sus implicaciones cient\u00edficas;\u00a0por eso no puede verse simplemente como un espacio de transmisi\u00f3n de conocimientos. \u201cEl\u00a0curr\u00edculum est\u00e1 centralmente implicado en aquello que somos, en aquello en que nos convertimos y\u00a0nos convertiremos. El curr\u00edculum produce; el curr\u00edculum nos produce\u201d (cf. Tadeu da Silva, 1998).<\/p>\n<p style=\"text-align: justify;\">El presente dise\u00f1o para la formaci\u00f3n de docentes de los Niveles Inicial y Primario vincula fundamentos\u00a0conceptuales y experienciales en una configuraci\u00f3n significativa, de car\u00e1cter abierto,1 que obra como\u00a0punto de partida. Relaciona distintos conceptos cuya articulaci\u00f3n constituye una configuraci\u00f3n, matriz\u00a0o postura epist\u00e9mica respecto de la selecci\u00f3n, la organizaci\u00f3n, la distribuci\u00f3n y la transmisi\u00f3n de\u00a0conocimientos orientados a la transformaci\u00f3n personal, institucional y social.<\/p>\n<p style=\"text-align: justify;\">Los fundamentos en que se asienta este Dise\u00f1o Curricular se constituyen a partir de la intersecci\u00f3n de\u00a0dos campos pedag\u00f3gicos te\u00f3rico \u2013 pr\u00e1cticos: el que corresponde al propio curr\u00edculum y el del objeto\u00a0de transformaci\u00f3n del nivel, la formaci\u00f3n de docentes.2 Ambos t\u00e9rminos cobran identidad en dicha\u00a0articulaci\u00f3n en tanto el curr\u00edculum se convierte en propuesta formativa de docentes y la formaci\u00f3n\u00a0de docentes se enra\u00edza, encauza y desenvuelve en aquel. Ambos est\u00e1n din\u00e1micamente articulados y\u00a0desbordan sus propias fronteras, por tratarse de manifestaciones y pr\u00e1cticas del campo sociocultural.<\/p>\n<p style=\"text-align: justify;\">Si la educaci\u00f3n p\u00fablica fue una de las pol\u00edticas culturales centrales en la etapa de la organizaci\u00f3n\u00a0nacional y en los tiempos posteriores, hoy el docente es un actor clave para reconstruir el sentido\u00a0sociopol\u00edtico de la escuela p\u00fablica y a la educaci\u00f3n p\u00fablica como pol\u00edtica cultural; para no dejar las\u00a0pol\u00edticas culturales en manos del mercado ni de otros espacios corporativos.<\/p>\n<p style=\"text-align: justify;\">Para cumplir tales prop\u00f3sitos, desde su construcci\u00f3n y puesta en acto, este dise\u00f1o posee potencialidad,\u00a0no s\u00f3lo para su internalizaci\u00f3n, sino para su recreaci\u00f3n permanente, circunstancia que propicia\u00a0la posibilidad de construir lineamientos prospectivos de manera continua, en una dial\u00e9ctica constante\u00a0entre el trabajo pedag\u00f3gico y los contextos en los que el mismo se materializa. Esta din\u00e1mica implica\u00a0un proceso que articula contextualizaci\u00f3n y especificaci\u00f3n curricular, que lleva a niveles sucesivos o\u00a0crecientes de especificaci\u00f3n a medida del acercamiento a la relaci\u00f3n pedag\u00f3gica en el aula.<\/p>\n","protected":false},"excerpt":{"rendered":"<p>El Dise\u00f1o Curricular de la Formaci\u00f3n Docente de Nivel Inicial y Nivel Primario ha sido construido\u00a0sobre la base de un proceso participativo desarrollado durante el per\u00edodo 2006 \u2013 2007. Ese proceso\u00a0se inici\u00f3 con la voluntad pol\u00edtica de la Direcci\u00f3n General de Cultura y Educaci\u00f3n de la Provincia de\u00a0Buenos Aires, m\u00e1s el impulso concreto dado por &#8230; <a title=\"Profesorado de Inicial\" class=\"read-more\" href=\"https:\/\/isfd129-bue.infd.edu.ar\/sitio\/prof-para-el-nivel-inicial\/\" aria-label=\"More on Profesorado de Inicial\">[+]<\/a><\/p>\n","protected":false},"author":1663,"featured_media":0,"parent":0,"menu_order":0,"comment_status":"closed","ping_status":"closed","template":"","meta":[],"acf":[],"_links":{"self":[{"href":"https:\/\/isfd129-bue.infd.edu.ar\/sitio\/wp-json\/wp\/v2\/pages\/2251"}],"collection":[{"href":"https:\/\/isfd129-bue.infd.edu.ar\/sitio\/wp-json\/wp\/v2\/pages"}],"about":[{"href":"https:\/\/isfd129-bue.infd.edu.ar\/sitio\/wp-json\/wp\/v2\/types\/page"}],"author":[{"embeddable":true,"href":"https:\/\/isfd129-bue.infd.edu.ar\/sitio\/wp-json\/wp\/v2\/users\/1663"}],"replies":[{"embeddable":true,"href":"https:\/\/isfd129-bue.infd.edu.ar\/sitio\/wp-json\/wp\/v2\/comments?post=2251"}],"version-history":[{"count":21,"href":"https:\/\/isfd129-bue.infd.edu.ar\/sitio\/wp-json\/wp\/v2\/pages\/2251\/revisions"}],"predecessor-version":[{"id":3464,"href":"https:\/\/isfd129-bue.infd.edu.ar\/sitio\/wp-json\/wp\/v2\/pages\/2251\/revisions\/3464"}],"wp:attachment":[{"href":"https:\/\/isfd129-bue.infd.edu.ar\/sitio\/wp-json\/wp\/v2\/media?parent=2251"}],"curies":[{"name":"wp","href":"https:\/\/api.w.org\/{rel}","templated":true}]}}