{"id":2693,"date":"2021-03-18T11:30:59","date_gmt":"2021-03-18T14:30:59","guid":{"rendered":"https:\/\/isfd129-bue.infd.edu.ar\/sitio\/?page_id=2693"},"modified":"2021-05-04T09:36:17","modified_gmt":"2021-05-04T12:36:17","slug":"matriculacion-2021","status":"publish","type":"page","link":"https:\/\/isfd129-bue.infd.edu.ar\/sitio\/matriculacion-2021\/","title":{"rendered":"Matriculaci\u00f3n"},"content":{"rendered":"<p align=\"justify\"><strong><span style=\"font-family: arial, sans-serif;\">\u00bfQue es matricularse?<\/span><\/strong><\/p>\n<p align=\"justify\"><span style=\"font-family: arial, sans-serif;\">Matricularse consiste en la inscripci\u00f3n a materias que el estudiante decide cursar en condici\u00f3n de regular (cursando durante todo el a\u00f1o) o libre (para rendir la materia en los turnos de diciembre y marzo, sin haberla cursado)<\/span><\/p>\n<p align=\"justify\"><span style=\"font-family: arial, sans-serif;\">La matriculaci\u00f3n es un tr\u00e1mite personal que cada estudiante deber\u00e1 realizar virtualmente desde el sistema de Autogesti\u00f3n, ingresando con su DNI y su clave, tal como se indica en el siguiente video.<\/span><\/p>\n<p><iframe loading=\"lazy\" width=\"1200\" height=\"675\" src=\"https:\/\/www.youtube.com\/embed\/mFDk0tb5Pn8?feature=oembed\" frameborder=\"0\" allow=\"accelerometer; autoplay; clipboard-write; encrypted-media; gyroscope; picture-in-picture\" allowfullscreen><\/iframe><\/p>\n","protected":false},"excerpt":{"rendered":"<p>\u00bfQue es matricularse? Matricularse consiste en la inscripci\u00f3n a materias que el estudiante decide cursar en condici\u00f3n de regular (cursando durante todo el a\u00f1o) o libre (para rendir la materia en los turnos de diciembre y marzo, sin haberla cursado) La matriculaci\u00f3n es un tr\u00e1mite personal que cada estudiante deber\u00e1 realizar virtualmente desde el sistema &#8230; <a title=\"Matriculaci\u00f3n\" class=\"read-more\" href=\"https:\/\/isfd129-bue.infd.edu.ar\/sitio\/matriculacion-2021\/\" aria-label=\"More on Matriculaci\u00f3n\">[+]<\/a><\/p>\n","protected":false},"author":1663,"featured_media":0,"parent":0,"menu_order":0,"comment_status":"closed","ping_status":"closed","template":"","meta":[],"acf":[],"_links":{"self":[{"href":"https:\/\/isfd129-bue.infd.edu.ar\/sitio\/wp-json\/wp\/v2\/pages\/2693"}],"collection":[{"href":"https:\/\/isfd129-bue.infd.edu.ar\/sitio\/wp-json\/wp\/v2\/pages"}],"about":[{"href":"https:\/\/isfd129-bue.infd.edu.ar\/sitio\/wp-json\/wp\/v2\/types\/page"}],"author":[{"embeddable":true,"href":"https:\/\/isfd129-bue.infd.edu.ar\/sitio\/wp-json\/wp\/v2\/users\/1663"}],"replies":[{"embeddable":true,"href":"https:\/\/isfd129-bue.infd.edu.ar\/sitio\/wp-json\/wp\/v2\/comments?post=2693"}],"version-history":[{"count":8,"href":"https:\/\/isfd129-bue.infd.edu.ar\/sitio\/wp-json\/wp\/v2\/pages\/2693\/revisions"}],"predecessor-version":[{"id":2844,"href":"https:\/\/isfd129-bue.infd.edu.ar\/sitio\/wp-json\/wp\/v2\/pages\/2693\/revisions\/2844"}],"wp:attachment":[{"href":"https:\/\/isfd129-bue.infd.edu.ar\/sitio\/wp-json\/wp\/v2\/media?parent=2693"}],"curies":[{"name":"wp","href":"https:\/\/api.w.org\/{rel}","templated":true}]}}