{"id":2781,"date":"2021-03-25T11:17:05","date_gmt":"2021-03-25T14:17:05","guid":{"rendered":"https:\/\/isfd129-bue.infd.edu.ar\/sitio\/?page_id=2781"},"modified":"2021-03-25T14:17:53","modified_gmt":"2021-03-25T17:17:53","slug":"cufba-2","status":"publish","type":"page","link":"https:\/\/isfd129-bue.infd.edu.ar\/sitio\/cufba-2\/","title":{"rendered":"CUFBA"},"content":{"rendered":"<p class=\"western\" align=\"justify\"><span style=\"font-family: aRIAL, sans-serif;\"><span style=\"font-size: medium;\">El Curso de Formaci\u00f3n B\u00e1sica (CUFBA) es un espacio formativo cuyo objetivo es\u00a0<strong>posibilitar la adquisici\u00f3n de las herramientas y competencias b\u00e1sicas de la lengua inglesa requeridas para el ingreso en el Profesorado de Ingl\u00e9s.<\/strong>\u00a0 Posee una carga horaria de ocho (8) horas reloj semanales y una duraci\u00f3n de treinta y dos (32) semanas.\u00a0<\/span><\/span><\/p>\n<p class=\"western\" align=\"justify\"><strong><span style=\"color: #000000;\"><span style=\"font-family: aRIAL, sans-serif;\"><span style=\"font-size: medium;\"><u><b>\u00bfA QUI\u00c9N EST\u00c1 DIRIGIDO EL CUFBA?<\/b><\/u><\/span><\/span><\/span><\/strong><\/p>\n<p class=\"western\" align=\"justify\"><span style=\"font-family: aRIAL, sans-serif;\"><span style=\"font-size: medium;\">El CUFBA est\u00e1 dirigido a los siguientes alumnos:<\/span><\/span><\/p>\n<ul>\n<li>\n<p class=\"western\" align=\"justify\"><span style=\"font-family: aRIAL, sans-serif;\"><span style=\"font-size: medium;\">Estudiantes del 1er a\u00f1o del Profesorado de Ingl\u00e9s.<\/span><\/span><\/p>\n<\/li>\n<\/ul>\n<ul>\n<li>\n<p class=\"western\" align=\"justify\"><span style=\"font-family: aRIAL, sans-serif;\"><span style=\"font-size: medium;\">Aspirantes que deseen inscribirse al pr\u00f3ximo ciclo lectivo y deseen fortalecer sus conocimientos de la lengua inglesa antes de ingresar a 1\u00b0 A\u00d1O.<\/span><\/span><\/p>\n<\/li>\n<\/ul>\n<ul>\n<li>\n<p class=\"western\" align=\"justify\"><span style=\"font-family: aRIAL, sans-serif;\"><span style=\"font-size: medium;\">Estudiantes que se encuentran cursando su \u00faltimo a\u00f1o de Nivel Secundario.<\/span><\/span><\/p>\n<\/li>\n<\/ul>\n<p class=\"western\" align=\"justify\"><span style=\"font-family: aRIAL, sans-serif;\"><span style=\"font-size: medium;\">Antes de comenzar el ciclo lectivo, los aspirantes a ingresar a la carrera rinden un examen nivelatorio de ingl\u00e9s.<\/span><\/span><\/p>\n<p class=\"western\" align=\"justify\"><span style=\"font-family: aRIAL, sans-serif;\"><span style=\"font-size: medium;\">El resultado del examen de nivel nos permitir\u00e1 ubicar a los estudiantes en 1\u00b0 A\u00d1O o en el CUFBA (Curso de Formaci\u00f3n B\u00e1sico).<\/span><\/span><\/p>\n<p class=\"western\" align=\"justify\"><span style=\"font-family: aRIAL, sans-serif;\"><span style=\"font-size: medium;\">El CUFBA le permite al estudiante fortalecer su conocimiento de la lengua inglesa en tres \u00e1reas: compresi\u00f3n de textos, redacci\u00f3n de textos y expresi\u00f3n oral.<\/span><\/span><\/p>\n<h5 class=\"western\" align=\"justify\"><strong><span style=\"color: #000000;\"><span style=\"font-family: aRIAL, sans-serif;\"><span style=\"font-size: medium;\"><u><b>EL CURSO DE FORMACI\u00d3N B\u00c1SICA EST\u00c1 ORGANIZADO EN TRES \u00c1REAS:<\/b><\/u><\/span><\/span><\/span><\/strong><\/h5>\n<h5 class=\"western\" align=\"justify\"><span style=\"font-family: aRIAL, sans-serif;\"><span style=\"font-size: medium;\"><b>1) Comprensi\u00f3n de textos (3 m\u00f3dulos semanales)<\/b><\/span><\/span><\/h5>\n<h5 class=\"western\" align=\"justify\"><span style=\"font-family: aRIAL, sans-serif;\"><span style=\"font-size: medium;\"><b>2) Expresi\u00f3n Escrita (3 m\u00f3dulos semanales)<\/b><\/span><\/span><\/h5>\n<h5 class=\"western\" align=\"justify\"><span style=\"font-family: aRIAL, sans-serif;\"><span style=\"font-size: medium;\"><b>3) Expresi\u00f3n Oral (2 m\u00f3dulos semanales)<\/b><\/span><\/span><\/h5>\n<h6 class=\"western\" align=\"justify\"><span style=\"font-family: aRIAL, sans-serif;\"><span style=\"font-size: medium;\"><u><b>EXPECTATIVAS DE LOGRO<\/b><\/u><\/span><\/span><\/h6>\n<ol>\n<li>\n<p class=\"western\" align=\"justify\"><span style=\"font-family: aRIAL, sans-serif;\"><span style=\"font-size: medium;\">Comprensi\u00f3n de un texto escrito desconocido, rese\u00f1ando sus ideas principales.<\/span><\/span><\/p>\n<\/li>\n<li>\n<p class=\"western\" align=\"justify\"><span style=\"font-family: aRIAL, sans-serif;\"><span style=\"font-size: medium;\">Comprensi\u00f3n de un texto oral desconocido, rese\u00f1ando sus ideas principales.<\/span><\/span><\/p>\n<\/li>\n<li>\n<p class=\"western\" align=\"justify\"><span style=\"font-family: aRIAL, sans-serif;\"><span style=\"font-size: medium;\">Redacci\u00f3n de una carta breve e informal, narraci\u00f3n o descripci\u00f3n sobre un tema asignado, desarrollado con coherencia y en respuesta al prop\u00f3sito del texto.<\/span><\/span><\/p>\n<\/li>\n<li>\n<p class=\"western\" align=\"justify\"><span style=\"font-family: aRIAL, sans-serif;\"><span style=\"font-size: medium;\">Comentario sobre un texto le\u00eddo con anterioridad (art\u00edculo, cuento)<\/span><\/span><\/p>\n<\/li>\n<li>\n<p class=\"western\" align=\"justify\"><span style=\"font-family: aRIAL, sans-serif;\"><span style=\"font-size: medium;\">Respuesta al discurso imprevisible de un interlocutor sobre temas de la vida cotidiana.<\/span><\/span><\/p>\n<\/li>\n<li>\n<p class=\"western\" align=\"justify\"><span style=\"font-family: aRIAL, sans-serif;\"><span style=\"font-size: medium;\">Conversac<span style=\"color: #333333;\">i\u00f3n<\/span> fluida con aproximaci\u00f3n a la correcci\u00f3n fon\u00e9tica, l\u00e9xica y gramatical y con adecuaci\u00f3n al contexto. <\/span><\/span><\/p>\n<\/li>\n<\/ol>\n<p style=\"text-align: justify;\"><strong><span style=\"font-family: aRIAL, sans-serif;\"><span style=\"font-size: medium;\">Toda la informaci\u00f3n relativa al CUFBA, ser\u00e1 brindada a los estudiantes previo al inicio de la cursada en una reuni\u00f3n institucional.<\/span><\/span><\/strong><\/p>\n<p class=\"western\" align=\"justify\"><span style=\"color: #333333;\"><span style=\"font-family: aRIAL, sans-serif;\"><span style=\"font-size: medium;\">La Profesora a cargo del CUFBA en nuestro Instituto 129, es Paola Cossu. Por consultas al respecto, podr\u00e1 contactarse a trav\u00e9s del correo<\/span><\/span><strong><span style=\"font-family: aRIAL, sans-serif;\"><span style=\"font-size: medium;\"><b> cospaola@hotmail.com<\/b><\/span><\/span><\/strong><\/span><\/p>\n","protected":false},"excerpt":{"rendered":"<p>El Curso de Formaci\u00f3n B\u00e1sica (CUFBA) es un espacio formativo cuyo objetivo es\u00a0posibilitar la adquisici\u00f3n de las herramientas y competencias b\u00e1sicas de la lengua inglesa requeridas para el ingreso en el Profesorado de Ingl\u00e9s.\u00a0 Posee una carga horaria de ocho (8) horas reloj semanales y una duraci\u00f3n de treinta y dos (32) semanas.\u00a0 \u00bfA QUI\u00c9N &#8230; <a title=\"CUFBA\" class=\"read-more\" href=\"https:\/\/isfd129-bue.infd.edu.ar\/sitio\/cufba-2\/\" aria-label=\"More on CUFBA\">[+]<\/a><\/p>\n","protected":false},"author":1663,"featured_media":0,"parent":0,"menu_order":0,"comment_status":"closed","ping_status":"closed","template":"","meta":[],"acf":[],"_links":{"self":[{"href":"https:\/\/isfd129-bue.infd.edu.ar\/sitio\/wp-json\/wp\/v2\/pages\/2781"}],"collection":[{"href":"https:\/\/isfd129-bue.infd.edu.ar\/sitio\/wp-json\/wp\/v2\/pages"}],"about":[{"href":"https:\/\/isfd129-bue.infd.edu.ar\/sitio\/wp-json\/wp\/v2\/types\/page"}],"author":[{"embeddable":true,"href":"https:\/\/isfd129-bue.infd.edu.ar\/sitio\/wp-json\/wp\/v2\/users\/1663"}],"replies":[{"embeddable":true,"href":"https:\/\/isfd129-bue.infd.edu.ar\/sitio\/wp-json\/wp\/v2\/comments?post=2781"}],"version-history":[{"count":5,"href":"https:\/\/isfd129-bue.infd.edu.ar\/sitio\/wp-json\/wp\/v2\/pages\/2781\/revisions"}],"predecessor-version":[{"id":2789,"href":"https:\/\/isfd129-bue.infd.edu.ar\/sitio\/wp-json\/wp\/v2\/pages\/2781\/revisions\/2789"}],"wp:attachment":[{"href":"https:\/\/isfd129-bue.infd.edu.ar\/sitio\/wp-json\/wp\/v2\/media?parent=2781"}],"curies":[{"name":"wp","href":"https:\/\/api.w.org\/{rel}","templated":true}]}}