{"id":2873,"date":"2021-05-21T16:13:32","date_gmt":"2021-05-21T19:13:32","guid":{"rendered":"https:\/\/isfd129-bue.infd.edu.ar\/sitio\/?page_id=2873"},"modified":"2022-03-28T14:25:07","modified_gmt":"2022-03-28T17:25:07","slug":"cipe","status":"publish","type":"page","link":"https:\/\/isfd129-bue.infd.edu.ar\/sitio\/cipe\/","title":{"rendered":"CIPE"},"content":{"rendered":"<hr \/>\n<p align=\"justify\"><strong><span style=\"font-family: arial, sans-serif;\"><span style=\"font-size: medium;\"><span lang=\"es-ES\">CIPE INSTITUCIONAL: Prof. Ruben Berlese.<\/span><\/span><\/span><\/strong><\/p>\n<p align=\"justify\"><strong>HORARIOS: Lunes de 18:00 a 22:00 hs. &#8211; Mi\u00e9rcoles de 18:30 a 20:30 hs. &#8211; Viernes de 18:30 a 19:30 hs.<\/strong><\/p>\n<p align=\"justify\"><strong><span style=\"font-family: arial, sans-serif;\"><span style=\"font-size: medium;\"><span lang=\"es-ES\">CORREO ELECTR\u00d3NICO: cipe129junin@gmail.com <\/span><\/span><\/span><\/strong><\/p>\n<p align=\"justify\"><strong><span style=\"font-family: arial, sans-serif;\"><span style=\"font-size: medium;\"><span lang=\"es-ES\">TEL\u00c9FONO: 2364-620776<\/span><\/span><\/span><\/strong><\/p>\n<hr \/>\n<p align=\"justify\"><strong>LA FIGURA DEL CIPE<\/strong><\/p>\n<p align=\"justify\"><span style=\"font-family: arial, sans-serif;\">El CIPE es el <strong>Coordinador Institucional de Pol\u00edticas Estudiantiles<\/strong>. Como figura clave de articulaci\u00f3n entre el colectivo estudiantil, el claustro docente y las autoridades institucionales, cumple un rol fundamental en el fomento de la participaci\u00f3n estudiantil y el fortalecimiento de las trayectorias formativas.<\/span><\/p>\n<p align=\"justify\"><span style=\"font-family: arial, sans-serif;\">A continuaci\u00f3n se detallan algunas de sus funciones y roles:<\/span><\/p>\n<p align=\"justify\"><strong><span style=\"font-family: arial, sans-serif;\">1) Desarrollar proyectos de construcci\u00f3n colectiva con estudiantes, docentes y directivos que promuevan el acompa\u00f1amiento a las trayectorias estudiantiles contemplando ingreso, permanencia y egreso.<\/span><\/strong><\/p>\n<p style=\"padding-left: 30px;\" align=\"justify\"><span style=\"font-family: arial, sans-serif;\">a) Promover acciones orientadas al mejoramiento acad\u00e9mico seg\u00fan diagn\u00f3stico institucional.<\/span><\/p>\n<p style=\"padding-left: 30px;\" align=\"justify\"><span style=\"font-family: arial, sans-serif;\">b) Generar espacios de intercambio, discusi\u00f3n y construcci\u00f3n de los documentos normativos y otros referidos al funcionamiento institucional que atraviesan las trayectorias estudiantiles.<\/span><\/p>\n<p style=\"padding-left: 30px;\" align=\"justify\"><span style=\"font-family: arial, sans-serif;\">c) Participar en cursos introductorios, charlas u otras instancias destinadas a ingresantes para favorecer su inclusi\u00f3n en la vida institucional.<\/span><\/p>\n<p style=\"padding-left: 30px;\" align=\"justify\"><span style=\"font-family: arial, sans-serif;\">d) Establecer procesos de comunicaci\u00f3n con los diversos actores institucionales, priorizando a los estudiantes.<\/span><\/p>\n<p style=\"padding-left: 30px;\" align=\"justify\"><span style=\"font-family: arial, sans-serif;\">e) Promover estrategias de difusi\u00f3n referida a la gesti\u00f3n de los Est\u00edmulos Econ\u00f3micos y PROGRESAR<\/span><\/p>\n<p style=\"padding-left: 30px;\" align=\"justify\"><span style=\"font-family: arial, sans-serif;\">f) Articular y promover en la Instituci\u00f3n l\u00edneas de acci\u00f3n nacionales y jurisdiccionales. <\/span><\/p>\n<p align=\"justify\"><strong><span style=\"font-family: arial, sans-serif;\">2) Promover la participaci\u00f3n e involucramiento de los estudiantes en la gesti\u00f3n democr\u00e1tica de las instituciones.<\/span><\/strong><\/p>\n<p style=\"padding-left: 30px;\" align=\"justify\"><span style=\"font-family: arial, sans-serif;\">a) Generar junto a los equipos directivos condiciones que habiliten la participaci\u00f3n efectiva de los estudiantes en la vida institucional.<\/span><\/p>\n<p style=\"padding-left: 30px;\" align=\"justify\"><span style=\"font-family: arial, sans-serif;\">b) Desarrollar proyectos que fortalezcan y enriquezcan el capital cultural y social de los futuros docentes con impacto en la comunidad.<\/span><\/p>\n<p style=\"padding-left: 30px;\" align=\"justify\"><span style=\"font-family: arial, sans-serif;\">c) Generar \u00e1mbitos de trabajo intra e interinstitucionales.<\/span><\/p>\n<p style=\"padding-left: 30px;\" align=\"justify\"><span style=\"font-family: arial, sans-serif;\">d) Proponer estrategias de promoci\u00f3n de las carreras de formaci\u00f3n docente de la instituci\u00f3n en las escuelas secundarias de la comunidad.<\/span><\/p>\n<p><span style=\"font-family: arial, sans-serif;\"><u><b>PROGRAMA DE AYUDANT\u00ccAS:<\/b><\/u><\/span><\/p>\n<p><span style=\"font-family: arial, sans-serif;\"><b>Funciones del CIPE en el programa de Ayudant\u00ecas:<\/b><\/span><\/p>\n<ul>\n<li>\n<p align=\"justify\"><span style=\"font-family: arial, sans-serif;\"><span style=\"font-size: medium;\"><span lang=\"es-ES\">Promover la postulaci\u00f3n y posterior desempe\u00f1o de lxs alumnxs como ayudante de c\u00e1tedra, posibilitando la adquisici\u00f3n de experiencia en el nivel superior de educaci\u00f3n a quienes re\u00fanan las condiciones para aspirar a dicho cargo. Selecci\u00f2n de postulantes en concursos para acceder a las Ayudant\u00ecas.<\/span><\/span><\/span><\/p>\n<\/li>\n<li>\n<p align=\"justify\"><span style=\"font-family: arial, sans-serif;\"><span style=\"font-size: medium;\"><span lang=\"es-ES\">Sostener la interacci\u00f3n entre el profesor responsable de la c\u00e1tedra y los ayudantes favoreciendo la relaci\u00f3n vincular entre los distintos actores institucionales.<\/span><\/span><\/span><\/p>\n<\/li>\n<li>\n<p align=\"justify\"><span style=\"font-family: arial, sans-serif;\"><span style=\"font-size: medium;\"><span lang=\"es-ES\">Generar una din\u00e1mica grupal que fortalezca el trabajo en equipo con la incorporaci\u00f3n de las Ayudant\u00ecas<\/span><\/span><\/span><\/p>\n<\/li>\n<li>\n<p align=\"justify\"><span style=\"font-family: arial, sans-serif;\"><span style=\"font-size: medium;\"><span lang=\"es-ES\">Acompa\u00f1ar en su desempe\u00f1o a lxs ayudantes por cualquier duda, consulta o dificultad que se presentase en su tarea.<\/span><\/span><\/span><\/p>\n<\/li>\n<li>\n<p align=\"justify\"><span style=\"font-family: arial, sans-serif;\"><span style=\"font-size: medium;\"><span lang=\"es-ES\">Optimizar los tiempos reales dedicados a la ense\u00f1anza orientadora de los procesos de aprendizaje en tiempos de virtualidad<\/span><\/span><\/span><\/p>\n<\/li>\n<\/ul>\n","protected":false},"excerpt":{"rendered":"<p>CIPE INSTITUCIONAL: Prof. Ruben Berlese. HORARIOS: Lunes de 18:00 a 22:00 hs. &#8211; Mi\u00e9rcoles de 18:30 a 20:30 hs. &#8211; Viernes de 18:30 a 19:30 hs. CORREO ELECTR\u00d3NICO: cipe129junin@gmail.com TEL\u00c9FONO: 2364-620776 LA FIGURA DEL CIPE El CIPE es el Coordinador Institucional de Pol\u00edticas Estudiantiles. Como figura clave de articulaci\u00f3n entre el colectivo estudiantil, el claustro &#8230; <a title=\"CIPE\" class=\"read-more\" href=\"https:\/\/isfd129-bue.infd.edu.ar\/sitio\/cipe\/\" aria-label=\"More on CIPE\">[+]<\/a><\/p>\n","protected":false},"author":1663,"featured_media":0,"parent":0,"menu_order":0,"comment_status":"closed","ping_status":"closed","template":"","meta":[],"acf":[],"_links":{"self":[{"href":"https:\/\/isfd129-bue.infd.edu.ar\/sitio\/wp-json\/wp\/v2\/pages\/2873"}],"collection":[{"href":"https:\/\/isfd129-bue.infd.edu.ar\/sitio\/wp-json\/wp\/v2\/pages"}],"about":[{"href":"https:\/\/isfd129-bue.infd.edu.ar\/sitio\/wp-json\/wp\/v2\/types\/page"}],"author":[{"embeddable":true,"href":"https:\/\/isfd129-bue.infd.edu.ar\/sitio\/wp-json\/wp\/v2\/users\/1663"}],"replies":[{"embeddable":true,"href":"https:\/\/isfd129-bue.infd.edu.ar\/sitio\/wp-json\/wp\/v2\/comments?post=2873"}],"version-history":[{"count":5,"href":"https:\/\/isfd129-bue.infd.edu.ar\/sitio\/wp-json\/wp\/v2\/pages\/2873\/revisions"}],"predecessor-version":[{"id":3035,"href":"https:\/\/isfd129-bue.infd.edu.ar\/sitio\/wp-json\/wp\/v2\/pages\/2873\/revisions\/3035"}],"wp:attachment":[{"href":"https:\/\/isfd129-bue.infd.edu.ar\/sitio\/wp-json\/wp\/v2\/media?parent=2873"}],"curies":[{"name":"wp","href":"https:\/\/api.w.org\/{rel}","templated":true}]}}