{"id":3177,"date":"2023-03-29T14:36:10","date_gmt":"2023-03-29T17:36:10","guid":{"rendered":"https:\/\/isfd129-bue.infd.edu.ar\/sitio\/?page_id=3177"},"modified":"2023-03-29T14:39:18","modified_gmt":"2023-03-29T17:39:18","slug":"designaciones-apd","status":"publish","type":"page","link":"https:\/\/isfd129-bue.infd.edu.ar\/sitio\/designaciones-apd\/","title":{"rendered":"Designaciones \/ APD"},"content":{"rendered":"\n<p>Luego de haber concursado y obtenido el 1\u00ba lugar en \u00f3rden de m\u00e9rito, el\/la docente deber\u00e1 solicitar la designaci\u00f3n en su espacio a trav\u00e9s del Acto P\u00fablico Digital. Dejamos a continuaci\u00f3n, un detalle de los pasos a seguir:<\/p>\n\n\n\n<ol>\n<li>Dirigirse a <a rel=\"noreferrer noopener\" href=\"https:\/\/misservicios.abc.gob.ar\/actos.publicos.digitales\/\" target=\"_blank\">ABC &#8211; Actos P\u00fablicos Digitales<\/a>, e<strong> ingresar con el correo oficial de ABC<\/strong>.<\/li>\n\n\n\n<li>Ingresar al botor <strong><em>\u00abPOSTULARSE\u00bb<\/em><\/strong>, en el margen superior derecho<\/li>\n\n\n\n<li>Aplicar los filtros \u00ab<em>Distrito\u00bb<\/em>, \u00ab<em>Nivel o modalidad\u00bb<\/em> y \u00ab<em>Cargo<\/em>\u00ab, indicando las siguientes opciones: \n<ul>\n<li>Distrito: <em>Jun\u00edn<\/em><\/li>\n\n\n\n<li>Nivel o modalidad: <em>Superior<\/em><\/li>\n\n\n\n<li>Cargo: <em>PSU (Proyectos de Superior)<\/em><\/li>\n<\/ul>\n<\/li>\n\n\n\n<li>La materia a la que debe postularse, figura con el C\u00f3digo <strong><em>PSU<\/em><\/strong> y detalla en <em>\u201cObservaciones\u201d<\/em>, el nombre de la materia que concurs\u00f3 y tomar\u00e1 a cargo.<\/li>\n\n\n\n<li>Indicar <strong><em>\u201cPOSTULARSE\u201d<\/em><\/strong>, en la parte inferior de la publicaci\u00f3n.<\/li>\n\n\n\n<li>Cuando aparezca el recuadro de \u00ab<em>Indicar el listado en el que se encuentra inscripto&#8230;<\/em>\u00ab, deber\u00e1 elegir <strong><em>\u00abSUPERIOR RES 5886\u00bb<\/em><\/strong><\/li>\n\n\n\n<li>Completar la DDJJ, e indicar <strong><em>\u00abGUARDAR\u00bb<\/em><\/strong><\/li>\n\n\n\n<li>Por \u00faltimo, tildar la casilla <em>\u00abPara postularse en esta oferta debe aceptar t\u00e9rminos y condiciones\u00bb<\/em>, y oprimir nuevamente <em><strong>\u00abPOSTULARSE\u00bb<\/strong><\/em><\/li>\n\n\n\n<li>Imprima el comprobante para resguardo del registro de inscripci\u00f3n.<\/li>\n\n\n\n<li>Desde Secretar\u00eda de Asuntos Docentes, tomar\u00e1n contacto con Ud. para efectivizar la designaci\u00f3n.<\/li>\n<\/ol>\n","protected":false},"excerpt":{"rendered":"<p>Luego de haber concursado y obtenido el 1\u00ba lugar en \u00f3rden de m\u00e9rito, el\/la docente deber\u00e1 solicitar la designaci\u00f3n en su espacio a trav\u00e9s del Acto P\u00fablico Digital. Dejamos a continuaci\u00f3n, un detalle de los pasos a seguir:<\/p>\n","protected":false},"author":1663,"featured_media":0,"parent":0,"menu_order":0,"comment_status":"closed","ping_status":"closed","template":"","meta":[],"acf":[],"_links":{"self":[{"href":"https:\/\/isfd129-bue.infd.edu.ar\/sitio\/wp-json\/wp\/v2\/pages\/3177"}],"collection":[{"href":"https:\/\/isfd129-bue.infd.edu.ar\/sitio\/wp-json\/wp\/v2\/pages"}],"about":[{"href":"https:\/\/isfd129-bue.infd.edu.ar\/sitio\/wp-json\/wp\/v2\/types\/page"}],"author":[{"embeddable":true,"href":"https:\/\/isfd129-bue.infd.edu.ar\/sitio\/wp-json\/wp\/v2\/users\/1663"}],"replies":[{"embeddable":true,"href":"https:\/\/isfd129-bue.infd.edu.ar\/sitio\/wp-json\/wp\/v2\/comments?post=3177"}],"version-history":[{"count":2,"href":"https:\/\/isfd129-bue.infd.edu.ar\/sitio\/wp-json\/wp\/v2\/pages\/3177\/revisions"}],"predecessor-version":[{"id":3181,"href":"https:\/\/isfd129-bue.infd.edu.ar\/sitio\/wp-json\/wp\/v2\/pages\/3177\/revisions\/3181"}],"wp:attachment":[{"href":"https:\/\/isfd129-bue.infd.edu.ar\/sitio\/wp-json\/wp\/v2\/media?parent=3177"}],"curies":[{"name":"wp","href":"https:\/\/api.w.org\/{rel}","templated":true}]}}