{"id":3224,"date":"2023-10-03T21:36:33","date_gmt":"2023-10-04T00:36:33","guid":{"rendered":"https:\/\/isfd129-bue.infd.edu.ar\/sitio\/?page_id=3224"},"modified":"2025-11-10T14:09:15","modified_gmt":"2025-11-10T17:09:15","slug":"inscripciones-2024","status":"publish","type":"page","link":"https:\/\/isfd129-bue.infd.edu.ar\/sitio\/inscripciones-2024\/","title":{"rendered":"INSCRIPCIONES 2026"},"content":{"rendered":"\n<p>Si ten\u00e9s inter\u00e9s de inscribirte a nuestros Profesorados para iniciar la cursada en 2026, te contamos algunos detalles importantes:<\/p>\n\n\n\n<ol>\n<li><strong>Nuestro Instituto 129 se encuentra ubicado en Jun\u00edn, Provincia de Bs. As., a unos 260 km. de la Capital Federal.<\/strong><\/li>\n\n\n\n<li><strong>Todas las inscripciones iniciar\u00e1n el lunes 10 de noviembre y estar\u00e1n abiertas hasta el 13 de marzo de 2026<\/strong>. Toda la informaci\u00f3n para que te inscribas est\u00e1 disponible en este mismo sitio.<\/li>\n\n\n\n<li>Los Profesorados que abren su primer a\u00f1o en 2026 son: Historia, Geograf\u00eda, Biolog\u00eda, Ingl\u00e9s, Lengua y Literatura, Inicial y Filosof\u00eda.<\/li>\n\n\n\n<li>Todos nuestros Profesorados tienen una duraci\u00f3n de 4 a\u00f1os y la titulaci\u00f3n es con Validez Nacional<\/li>\n\n\n\n<li>Nuestro instituto es orgullosamente p\u00fablico. Por ello, el ingreso es libre, sin examenes de ingreso y sin arancel alguno. Podr\u00e1s colaborar, si tu situaci\u00f3n te lo permite, con el pago opcional a nuestra Asociaci\u00f3n Cooperadora.<\/li>\n\n\n\n<li><strong>El \u00fanico profesorado al que se accede por sorteo es el Prof. de Educaci\u00f3n Inicial.<\/strong> La fecha l\u00edmite de inscripci\u00f3n para este profesorado es el viernes 26 de diciembre y el sorteo, ser\u00e1 por Loter\u00eda Vespertina de la Provincia el d\u00eda lunes 29 de diciembre.<\/li>\n\n\n\n<li>Toda la informaci\u00f3n de los distintos profesorados (Dise\u00f1o Curricular, Plan de estudios, Horarios y Correlatividades) podr\u00e1s encontrarla en esta misma p\u00e1gina, en la secci\u00f3n \u00abProfesorados\u00bb.<\/li>\n<\/ol>\n\n\n\n<hr class=\"wp-block-separator has-alpha-channel-opacity\"\/>\n\n\n\n<p><strong>PARA INSCRIBIRTE, DEBER\u00c1S SEGUIR LOS SIGUIENTES PASOS:<\/strong><\/p>\n\n\n\n<ol>\n<li>Completar&nbsp;<a href=\"https:\/\/forms.gle\/7BK9LvEp5H45kwdp8\">este formulario en linea<\/a>&nbsp;(se habilitar\u00e1 el 10 de noviembre)<\/li>\n\n\n\n<li>Sumarte a nuestro <strong><a href=\"https:\/\/whatsapp.com\/channel\/0029VbAuh7E6xCSJHnSqrE3O\">Canal de Whatsapp<\/a><\/strong> (lo habilitaremos el d\u00eda que inicia la inscripci\u00f3n)<\/li>\n<\/ol>\n\n\n\n<p>Luego, deber\u00e1s presentar,&nbsp;<strong>a partir del 1\u00ba de diciembre<\/strong> <strong>y en formato papel,<\/strong>&nbsp;la siguiente documentaci\u00f3n:<\/p>\n\n\n\n<ol>\n<li>\u00ab<a rel=\"noreferrer noopener\" href=\"https:\/\/isfd129-bue.infd.edu.ar\/sitio\/wp-content\/uploads\/2024\/11\/Formacion-Docente-inicial-Tecnica-y-Artistica-Planilla-de-inscripcion-Educacion-Superior.pdf\" target=\"_blank\">Planilla de Inscripci\u00f3n<\/a>\u00bb&nbsp;con todos los datos completos<\/li>\n\n\n\n<li>Certificado de t\u00edtulo en tr\u00e1mite o Copia del T\u00edtulo Secundario<\/li>\n\n\n\n<li>Fotocopia de DNI de ambos lados<\/li>\n\n\n\n<li>Fotocopia de Partida de Nacimiento<\/li>\n\n\n\n<li>Dos fotos carnet 4\u00d74<\/li>\n<\/ol>\n\n\n\n<p>Toda esta documentaci\u00f3n, deber\u00e1s acercarla impresa (formato papel), dentro de un folio oficio, a nuestra Secretar\u00eda (Calle Almafuerte 308, de lunes a viernes de 18:00 a 22:00 hs.)<\/p>\n\n\n\n<p>Si necesit\u00e1s constancia de inscripci\u00f3n al profesorado, solicitar a trav\u00e9s del siguiente formulario: <\/p>\n\n\n\n<p><a rel=\"noreferrer noopener\" href=\"https:\/\/forms.gle\/TNrHyBS7vUtNUMx88\" target=\"_blank\">SOLICITUD DE CONSTANCIA DE INSCRIPCI\u00d3N<\/a><\/p>\n\n\n\n<hr class=\"wp-block-separator has-alpha-channel-opacity\"\/>\n\n\n\n<p><strong>\u00bfY despues?\u2026<\/strong><\/p>\n\n\n\n<p>Luego, te estaremos informando todo por nuestro Canal de Whatsapp. Toda la informaci\u00f3n que tengas que recibir, te llegar\u00e1 a su debido tiempo.<\/p>\n\n\n\n<p><strong>\u00a1\u00a1Te esperamos para ser parte de nuestro Instituto 129!!<\/strong><\/p>\n","protected":false},"excerpt":{"rendered":"<p>Si ten\u00e9s inter\u00e9s de inscribirte a nuestros Profesorados para iniciar la cursada en 2026, te contamos algunos detalles importantes: PARA INSCRIBIRTE, DEBER\u00c1S SEGUIR LOS SIGUIENTES PASOS: Luego, deber\u00e1s presentar,&nbsp;a partir del 1\u00ba de diciembre y en formato papel,&nbsp;la siguiente documentaci\u00f3n: Toda esta documentaci\u00f3n, deber\u00e1s acercarla impresa (formato papel), dentro de un folio oficio, a nuestra &#8230; <a title=\"INSCRIPCIONES 2026\" class=\"read-more\" href=\"https:\/\/isfd129-bue.infd.edu.ar\/sitio\/inscripciones-2024\/\" aria-label=\"More on INSCRIPCIONES 2026\">[+]<\/a><\/p>\n","protected":false},"author":1663,"featured_media":0,"parent":0,"menu_order":0,"comment_status":"closed","ping_status":"closed","template":"","meta":[],"acf":[],"_links":{"self":[{"href":"https:\/\/isfd129-bue.infd.edu.ar\/sitio\/wp-json\/wp\/v2\/pages\/3224"}],"collection":[{"href":"https:\/\/isfd129-bue.infd.edu.ar\/sitio\/wp-json\/wp\/v2\/pages"}],"about":[{"href":"https:\/\/isfd129-bue.infd.edu.ar\/sitio\/wp-json\/wp\/v2\/types\/page"}],"author":[{"embeddable":true,"href":"https:\/\/isfd129-bue.infd.edu.ar\/sitio\/wp-json\/wp\/v2\/users\/1663"}],"replies":[{"embeddable":true,"href":"https:\/\/isfd129-bue.infd.edu.ar\/sitio\/wp-json\/wp\/v2\/comments?post=3224"}],"version-history":[{"count":20,"href":"https:\/\/isfd129-bue.infd.edu.ar\/sitio\/wp-json\/wp\/v2\/pages\/3224\/revisions"}],"predecessor-version":[{"id":3438,"href":"https:\/\/isfd129-bue.infd.edu.ar\/sitio\/wp-json\/wp\/v2\/pages\/3224\/revisions\/3438"}],"wp:attachment":[{"href":"https:\/\/isfd129-bue.infd.edu.ar\/sitio\/wp-json\/wp\/v2\/media?parent=3224"}],"curies":[{"name":"wp","href":"https:\/\/api.w.org\/{rel}","templated":true}]}}