{"id":3263,"date":"2023-12-29T16:08:16","date_gmt":"2023-12-29T19:08:16","guid":{"rendered":"https:\/\/isfd129-bue.infd.edu.ar\/sitio\/?page_id=3263"},"modified":"2023-12-29T16:22:32","modified_gmt":"2023-12-29T19:22:32","slug":"solicitud-de-programas","status":"publish","type":"page","link":"https:\/\/isfd129-bue.infd.edu.ar\/sitio\/solicitud-de-programas\/","title":{"rendered":"Solicitud de programas"},"content":{"rendered":"\n<p>Para solicitar programas, les pedimos que completen el siguiente formulario:<\/p>\n\n\n\n<p><a href=\"https:\/\/forms.gle\/Qq917EcSRYjJuDYr6\" target=\"_blank\" rel=\"noreferrer noopener\">FORMULARIO DE SOLICITUD DE PROGRAMAS<\/a><\/p>\n\n\n\n<p>Los programas le estar\u00e1n llegando al correo que declare en el formulario, dentro de los pr\u00f3ximos diez dias.<\/p>\n\n\n\n<p>Aclaraciones importantes:<\/p>\n\n\n\n<ol>\n<li>Todo estudiante que decida rendir un examen final, deber\u00e1 saber que la duraci\u00f3n del programa con el que curs\u00f3 la materia es de dos a\u00f1os. Esto significa que si un estudiante regulariz\u00f3 una materia en el a\u00f1o 2023, podr\u00e1 rendir con su programa, hasta las mesas de febrero\/marzo de 2025. Luego de ese turno, el estudiante deber\u00e1 rendir con el programa actualizado del \u00faltimo a\u00f1o de cursada.<\/li>\n\n\n\n<li>Si los programas se solicitan para pedir equivalencias en otros institutos, recuerden que la materia debe estar acreditada con un m\u00e1ximo de 6 a\u00f1os. Superando ese per\u00edodo de tiempo, no ser\u00e1 posible solicitar equivalencias (Res. 4043\/09)<\/li>\n<\/ol>\n","protected":false},"excerpt":{"rendered":"<p>Para solicitar programas, les pedimos que completen el siguiente formulario: FORMULARIO DE SOLICITUD DE PROGRAMAS Los programas le estar\u00e1n llegando al correo que declare en el formulario, dentro de los pr\u00f3ximos diez dias. Aclaraciones importantes:<\/p>\n","protected":false},"author":1663,"featured_media":0,"parent":0,"menu_order":0,"comment_status":"closed","ping_status":"closed","template":"","meta":[],"acf":[],"_links":{"self":[{"href":"https:\/\/isfd129-bue.infd.edu.ar\/sitio\/wp-json\/wp\/v2\/pages\/3263"}],"collection":[{"href":"https:\/\/isfd129-bue.infd.edu.ar\/sitio\/wp-json\/wp\/v2\/pages"}],"about":[{"href":"https:\/\/isfd129-bue.infd.edu.ar\/sitio\/wp-json\/wp\/v2\/types\/page"}],"author":[{"embeddable":true,"href":"https:\/\/isfd129-bue.infd.edu.ar\/sitio\/wp-json\/wp\/v2\/users\/1663"}],"replies":[{"embeddable":true,"href":"https:\/\/isfd129-bue.infd.edu.ar\/sitio\/wp-json\/wp\/v2\/comments?post=3263"}],"version-history":[{"count":4,"href":"https:\/\/isfd129-bue.infd.edu.ar\/sitio\/wp-json\/wp\/v2\/pages\/3263\/revisions"}],"predecessor-version":[{"id":3273,"href":"https:\/\/isfd129-bue.infd.edu.ar\/sitio\/wp-json\/wp\/v2\/pages\/3263\/revisions\/3273"}],"wp:attachment":[{"href":"https:\/\/isfd129-bue.infd.edu.ar\/sitio\/wp-json\/wp\/v2\/media?parent=3263"}],"curies":[{"name":"wp","href":"https:\/\/api.w.org\/{rel}","templated":true}]}}