{"id":963,"date":"2018-08-29T18:19:18","date_gmt":"2018-08-29T21:19:18","guid":{"rendered":"https:\/\/isfd129-bue.infd.edu.ar\/sitio\/profesorado-en-ingles\/"},"modified":"2026-03-25T22:55:57","modified_gmt":"2026-03-26T01:55:57","slug":"profesorado-en-ingles","status":"publish","type":"page","link":"https:\/\/isfd129-bue.infd.edu.ar\/sitio\/profesorado-en-ingles\/","title":{"rendered":"Profesorado de Ingl\u00e9s"},"content":{"rendered":"<div id=\"metaslider-id-2433\" style=\"width: 100%;\" class=\"ml-slider-3-33-0 metaslider metaslider-nivo metaslider-2433 ml-slider ms-theme-default\" role=\"region\" aria-roledescription=\"Slideshow\" aria-label=\"Slideshow\">\n    <div id=\"metaslider_container_2433\">\n        <div class='slider-wrapper theme-default'><div class='ribbon'><\/div><div id='metaslider_2433' class='nivoSlider'><img src=\"https:\/\/isfd129-bue.infd.edu.ar\/sitio\/wp-content\/uploads\/2020\/12\/el-origen-idioma-ingles-1110x417.jpg\" height=\"417\" width=\"1110\" title=\"el-origen-idioma-ingles\" alt=\"\" class=\"slider-2433 slide-2439\" \/><img src=\"https:\/\/isfd129-bue.infd.edu.ar\/sitio\/wp-content\/uploads\/2020\/12\/INGLES-Ok-900x338.jpg\" height=\"417\" width=\"1110\" title=\"INGLES-Ok\" alt=\"\" class=\"slider-2433 slide-2441\" \/><img src=\"https:\/\/isfd129-bue.infd.edu.ar\/sitio\/wp-content\/uploads\/2020\/12\/inglespost-320x120.jpg\" height=\"417\" width=\"1110\" title=\"inglespost\" alt=\"\" class=\"slider-2433 slide-2442\" \/><\/div><\/div>\n        \n    <\/div>\n<\/div>\n<p style=\"padding-left: 30px;\"><a href=\"https:\/\/isfd129-bue.infd.edu.ar\/sitio\/wp-content\/uploads\/2020\/12\/Nuevo-Dise\u00f1o-Curricular-Ingl\u00e9s-2018.pdf\" target=\"_blank\" rel=\"noopener\"><img decoding=\"async\" loading=\"lazy\" class=\"alignnone wp-image-2303\" src=\"https:\/\/isfd129-bue.infd.edu.ar\/sitio\/wp-content\/uploads\/2020\/12\/DISE\u00d1O-CURRICULAR-3.png\" alt=\"\" width=\"236\" height=\"236\" \/><\/a> <a href=\"https:\/\/isfd129-bue.infd.edu.ar\/sitio\/wp-content\/uploads\/2020\/12\/Plan-de-estudios-1.pdf\" target=\"_blank\" rel=\"noopener\"><img decoding=\"async\" loading=\"lazy\" class=\"alignnone wp-image-2286\" src=\"https:\/\/isfd129-bue.infd.edu.ar\/sitio\/wp-content\/uploads\/2020\/12\/DISE\u00d1O-CURRICULAR.png\" alt=\"\" width=\"236\" height=\"236\" \/><\/a> <a href=\"https:\/\/isfd129-bue.infd.edu.ar\/sitio\/wp-content\/uploads\/2024\/02\/IF-2023-45625425-GDEBA-SDIFDIDGCYE-Ingles-ANEXO6.pdf\" target=\"_blank\" rel=\"noopener\"><img decoding=\"async\" loading=\"lazy\" class=\"alignnone wp-image-2287\" src=\"https:\/\/isfd129-bue.infd.edu.ar\/sitio\/wp-content\/uploads\/2020\/12\/DISE\u00d1O-CURRICULAR-1.png\" alt=\"\" width=\"236\" height=\"236\" \/><\/a> <a href=\"https:\/\/docs.google.com\/spreadsheets\/d\/1Te1Er3txyyknxpjcJxAih7NuO-6CONdcPGu07JnhPUU\/edit?usp=sharing\"><img decoding=\"async\" loading=\"lazy\" class=\"alignnone wp-image-2299\" src=\"https:\/\/isfd129-bue.infd.edu.ar\/sitio\/wp-content\/uploads\/2020\/12\/DISE\u00d1O-CURRICULAR-2.png\" alt=\"\" width=\"236\" height=\"236\" \/><\/a><\/p>\n<p style=\"padding-left: 30px;\"><img decoding=\"async\" loading=\"lazy\" class=\"alignnone size-medium wp-image-2680 aligncenter\" src=\"https:\/\/isfd129-bue.infd.edu.ar\/sitio\/wp-content\/uploads\/2021\/03\/2-1-1000x28.png\" alt=\"\" width=\"1000\" height=\"28\" srcset=\"https:\/\/isfd129-bue.infd.edu.ar\/sitio\/wp-content\/uploads\/2021\/03\/2-1-1000x28.png 1000w, https:\/\/isfd129-bue.infd.edu.ar\/sitio\/wp-content\/uploads\/2021\/03\/2-1-768x22.png 768w, https:\/\/isfd129-bue.infd.edu.ar\/sitio\/wp-content\/uploads\/2021\/03\/2-1.png 1240w\" sizes=\"(max-width: 1000px) 100vw, 1000px\" \/><\/p>\n<hr \/>\n<p align=\"justify\"><a href=\"https:\/\/isfd129-bue.infd.edu.ar\/sitio\/cufba-2\/\"><img decoding=\"async\" loading=\"lazy\" class=\"aligncenter wp-image-2776\" src=\"https:\/\/isfd129-bue.infd.edu.ar\/sitio\/wp-content\/uploads\/2021\/03\/2-3.png\" alt=\"\" width=\"329\" height=\"109\" srcset=\"https:\/\/isfd129-bue.infd.edu.ar\/sitio\/wp-content\/uploads\/2021\/03\/2-3.png 907w, https:\/\/isfd129-bue.infd.edu.ar\/sitio\/wp-content\/uploads\/2021\/03\/2-3-768x255.png 768w\" sizes=\"(max-width: 329px) 100vw, 329px\" \/><\/a><\/p>\n<hr \/>\n<p align=\"justify\"><span style=\"font-family: arial, sans-serif;\"><span style=\"font-size: medium;\">La Formaci\u00f3n de Profesores de Ingl\u00e9s propuesta en este dise\u00f1o parte de una visi\u00f3n totalizadora de la Lengua, sin fragmentaciones disciplinares. A efectos de la organizaci\u00f3n de los contenidos, se han considerado tres perspectivas espec\u00edficas:<\/span><\/span><\/p>\n<p align=\"justify\"><span style=\"font-family: arial, sans-serif;\"><span style=\"font-size: medium;\">\u00b7 Lengua y Expresi\u00f3n Oral. En esta Perspectiva se incluyen contenidos de Fon\u00e9tica y Laboratorio, integradas a Lengua a fin de hacer <\/span><\/span><em><span style=\"font-family: arial, sans-serif;\"><span style=\"font-size: medium;\">en<\/span><\/span><\/em><span style=\"font-family: arial, sans-serif;\"><span style=\"font-size: medium;\"> la Lengua Extranjera y <\/span><\/span><em><span style=\"font-family: arial, sans-serif;\"><span style=\"font-size: medium;\">con<\/span><\/span><\/em><span style=\"font-family: arial, sans-serif;\"><span style=\"font-size: medium;\"> ella.<\/span><\/span><\/p>\n<p align=\"justify\"><span style=\"font-family: arial, sans-serif;\"><span style=\"font-size: medium;\">\u00b7 Lengua y Expresi\u00f3n Escrita. Esta Perspectiva se propone sistematizar la lengua mediante la Gram\u00e1tica, transform\u00e1ndola tanto en instrumento como en objeto de estudio.<\/span><\/span><\/p>\n<p align=\"justify\"><span style=\"font-family: arial, sans-serif;\"><span style=\"font-size: medium;\">\u00b7 Lengua y Cultura. Incluyen los contenidos que hacen a la dimensi\u00f3n hist\u00f3rica y cultural de la Lengua. Esta se asume como medio de estudio, v\u00eda de acceso a la cultura y como instrumento de an\u00e1lisis y de expresi\u00f3n, tendiendo a la integraci\u00f3n de Expresi\u00f3n Escrita y Expresi\u00f3n Oral.<\/span><\/span><\/p>\n<p align=\"justify\"><span style=\"font-family: arial, sans-serif;\"><span style=\"font-size: medium;\">El desarrollo de las competencias correspondientes a cada Perspectiva, conducir\u00e1 al logro de la actuaci\u00f3n comunicativa eficiente, es decir, la utilizaci\u00f3n adecuada de los distintos c\u00f3digos, ling\u00fc\u00edsticos y no ling\u00fc\u00edsticos, en contextos comunicativos variados y con distintos grados de formalizaci\u00f3n o planificaci\u00f3n, en producciones orales o escritas.<\/span><\/span><\/p>\n<p align=\"justify\"><span style=\"font-family: arial, sans-serif;\"><span style=\"font-size: medium;\">Cabe se\u00f1alar que los alumnos que acrediten los aprendizajes correspondientes a los tres primeros a\u00f1os obtendr\u00e1n el titulo de Profesor de Ingl\u00e9s para el Primero y Segundo Ciclo de EGB. Al aprobar el Cuarto A\u00f1o, recibir\u00e1n el de Profesor de Ingl\u00e9s para la EGB y la Educaci\u00f3n Polimodal.<\/span><\/span><\/p>\n<h2 class=\"western\" align=\"justify\"><span style=\"font-family: arial, sans-serif;\"><span style=\"font-size: medium;\">Nivel de Formaci\u00f3n B\u00e1sica<\/span><\/span><\/h2>\n<h2 class=\"western\" align=\"justify\">\u2022 <span style=\"font-family: arial, sans-serif;\"><span style=\"font-size: medium;\">Curso de Formaci\u00f3n B\u00e1sica<\/span><\/span><\/h2>\n<p align=\"justify\"><span style=\"font-family: arial, sans-serif;\"><span style=\"font-size: medium;\">A fin de posibilitar la adquisici\u00f3n de las competencias requeridas para el ingreso en la Carrera, se desarrollar\u00e1 un Curso de Formaci\u00f3n B\u00e1sica previsto[1] con la duraci\u00f3n de un Ciclo Lectivo de treinta y dos (32) semanas y con una carga horaria de ocho (8) horas reloj semanales.<\/span><\/span><\/p>\n<p align=\"justify\"><span style=\"font-family: arial, sans-serif;\"><span style=\"font-size: medium;\">Podr\u00e1n incorporarse en este Curso aquellos aspirantes que hayan completado el Nivel de Educaci\u00f3n Media o el Polimodal o alumnos cursantes del \u00faltimo a\u00f1o de dichos Niveles.<\/span><\/span><\/p>\n<p align=\"justify\"><span style=\"font-family: arial, sans-serif;\"><span style=\"font-size: medium;\"><strong>\u00b7 Expectativas de Logro<\/strong><\/span><\/span><\/p>\n<p align=\"justify\"><span style=\"font-family: arial, sans-serif;\"><span style=\"font-size: medium;\">&#8211; Comprensi\u00f3n de un texto escrito desconocido, rese\u00f1ando sus ideas principales.<\/span><\/span><\/p>\n<p align=\"justify\"><span style=\"font-family: arial, sans-serif;\"><span style=\"font-size: medium;\">&#8211; Comprensi\u00f3n de un texto oral desconocido, rese\u00f1ando sus ideas principales.<\/span><\/span><\/p>\n<p align=\"justify\"><span style=\"font-family: arial, sans-serif;\"><span style=\"font-size: medium;\">&#8211; Redacci\u00f3n de una carta breve e informal o narraci\u00f3n sobre un tema asignado, desarrollado con coherencia y en respuesta al prop\u00f3sito del texto.<\/span><\/span><\/p>\n<p align=\"justify\"><span style=\"font-family: arial, sans-serif;\"><span style=\"font-size: medium;\">&#8211; Comentario sobre un texto le\u00eddo con anterioridad.<\/span><\/span><\/p>\n<p align=\"justify\"><span style=\"font-family: arial, sans-serif;\"><span style=\"font-size: medium;\">&#8211; Respuesta al discurso imprevisible de un interlocutor sobre temas de la vida cotidiana.<\/span><\/span><\/p>\n<p align=\"justify\"><span style=\"font-family: arial, sans-serif;\"><span style=\"font-size: medium;\">&#8211; Conversaci\u00f3n fluida con aproximaci\u00f3n a la correcci\u00f3n fon\u00e9tica, l\u00e9xica y gramatical y con adecuaci\u00f3n al contexto.<\/span><\/span><\/p>\n<p align=\"justify\"><span style=\"font-family: arial, sans-serif;\"><span style=\"font-size: medium;\"><strong>\u2022 Prueba de Formaci\u00f3n B\u00e1sica (no eliminatoria)<\/strong><\/span><\/span><\/p>\n<p align=\"justify\"><span style=\"font-family: arial, sans-serif;\"><span style=\"font-size: medium;\">Los aspirantes que acreditaren las competencias de la Formaci\u00f3n B\u00e1sica a trav\u00e9s de pruebas evaluativas de Nivel, ingresar\u00e1n directamente en la Carrera.<\/span><\/span><\/p>\n","protected":false},"excerpt":{"rendered":"<p>La Formaci\u00f3n de Profesores de Ingl\u00e9s propuesta en este dise\u00f1o parte de una visi\u00f3n totalizadora de la Lengua, sin fragmentaciones disciplinares. A efectos de la organizaci\u00f3n de los contenidos, se han considerado tres perspectivas espec\u00edficas: \u00b7 Lengua y Expresi\u00f3n Oral. En esta Perspectiva se incluyen contenidos de Fon\u00e9tica y Laboratorio, integradas a Lengua a fin &#8230; <a title=\"Profesorado de Ingl\u00e9s\" class=\"read-more\" href=\"https:\/\/isfd129-bue.infd.edu.ar\/sitio\/profesorado-en-ingles\/\" aria-label=\"More on Profesorado de Ingl\u00e9s\">[+]<\/a><\/p>\n","protected":false},"author":1681,"featured_media":0,"parent":0,"menu_order":0,"comment_status":"closed","ping_status":"closed","template":"","meta":[],"acf":[],"_links":{"self":[{"href":"https:\/\/isfd129-bue.infd.edu.ar\/sitio\/wp-json\/wp\/v2\/pages\/963"}],"collection":[{"href":"https:\/\/isfd129-bue.infd.edu.ar\/sitio\/wp-json\/wp\/v2\/pages"}],"about":[{"href":"https:\/\/isfd129-bue.infd.edu.ar\/sitio\/wp-json\/wp\/v2\/types\/page"}],"author":[{"embeddable":true,"href":"https:\/\/isfd129-bue.infd.edu.ar\/sitio\/wp-json\/wp\/v2\/users\/1681"}],"replies":[{"embeddable":true,"href":"https:\/\/isfd129-bue.infd.edu.ar\/sitio\/wp-json\/wp\/v2\/comments?post=963"}],"version-history":[{"count":17,"href":"https:\/\/isfd129-bue.infd.edu.ar\/sitio\/wp-json\/wp\/v2\/pages\/963\/revisions"}],"predecessor-version":[{"id":3463,"href":"https:\/\/isfd129-bue.infd.edu.ar\/sitio\/wp-json\/wp\/v2\/pages\/963\/revisions\/3463"}],"wp:attachment":[{"href":"https:\/\/isfd129-bue.infd.edu.ar\/sitio\/wp-json\/wp\/v2\/media?parent=963"}],"curies":[{"name":"wp","href":"https:\/\/api.w.org\/{rel}","templated":true}]}}