{"id":979,"date":"2018-08-29T18:19:24","date_gmt":"2018-08-29T21:19:24","guid":{"rendered":"https:\/\/isfd129-bue.infd.edu.ar\/sitio\/inscripcion-2\/"},"modified":"2025-12-19T18:34:28","modified_gmt":"2025-12-19T21:34:28","slug":"inscripcion-2","status":"publish","type":"page","link":"https:\/\/isfd129-bue.infd.edu.ar\/sitio\/inscripcion-2\/","title":{"rendered":"Concursos"},"content":{"rendered":"<p style=\"text-align: justify;\"><span style=\"color: #000000;\">Desde el 1\u00ba de enero de 2026, el acceso a C\u00e1tedras del Nivel Superior, se rige por las condiciones y procedimientos establecidos por la <em>Resoluci\u00f3n-2025-6179<\/em> (<em>Pautas para la implementaci\u00f3n de las pruebas de selecci\u00f3n por evaluaci\u00f3n de t\u00edtulos, antecedentes y oposici\u00f3n para la cobertura de cargos de Nivel Superior<\/em>)<\/span><\/p>\n<p style=\"text-align: justify;\"><strong><span style=\"font-size: 12pt; font-family: 'Arial','sans-serif'; color: black;\">Para la presentaci\u00f3n de Proyectos para concursar en el Nivel Superior, los aspirantes deber\u00e1n tener en cuenta los siguientes puntos:<\/span><\/strong><\/p>\n<p style=\"text-align: justify; padding-left: 40px;\"><span style=\"font-size: 12pt; font-family: 'Arial','sans-serif'; color: black;\">1. En primer lugar, la lectura de la <a href=\"https:\/\/isfd129-bue.infd.edu.ar\/sitio\/wp-content\/uploads\/2025\/12\/RESOC-2025-6179-GDEBA-DGCYE.pdf\"><strong>Resoluci\u00f3n 2025-6179<\/strong><\/a> sobre Cobertura de C\u00e1tedras para el Nivel Superior. En ella podr\u00e1n acceder a toda la informaci\u00f3n necesaria para el desarrollo del proceso de presentaci\u00f3n a concursos.<\/span><\/p>\n<p style=\"text-align: justify; padding-left: 40px;\"><span style=\"font-size: 12pt; font-family: 'Arial','sans-serif'; color: black;\">2. Para la confecci\u00f3n del Proyecto de C\u00e1tedra, el aspirante deber\u00e1 cumplir con las pautas, lineamientos y orientaciones previstas en el <a href=\"https:\/\/isfd129-bue.infd.edu.ar\/sitio\/wp-content\/uploads\/2025\/12\/Anexo-3-Instancias-para-la-Cobertura-de-Catedra.pdf\"><em>ANEXO 3 &#8211; Instancias para la cobertura de m\u00f3dulos\/horas c\u00e1tedra de unidades curriculares<\/em><\/a><\/span><\/p>\n<p style=\"text-align: justify; padding-left: 40px;\"><span style=\"font-size: 12pt; font-family: 'Arial','sans-serif'; color: black;\">3. Las propuestas curriculares presentadas por los\/as aspirantes, ser\u00e1n evaluadas con el <a href=\"https:\/\/isfd129-bue.infd.edu.ar\/sitio\/wp-content\/uploads\/2025\/12\/Anexo-3-1.2.1-Instrumento-de-evaluacion-Propuesta-Pedagogica-UC-Formacion-Docente-Inicial.pdf\"><em>\u00abInstrumento de evaluaci\u00f3n de la Propuesta Pedag\u00f3gica (UC &#8211; Formaci\u00f3n Docente Inicial)\u00bb<\/em><\/a><\/span><\/p>\n<p style=\"padding-left: 40px;\"><span style=\"color: #000000;\">4. La Evaluaci\u00f3n de T\u00edtulos y Antecedentes de la Resoluci\u00f3n 2025-6179, establece la conformaci\u00f3n de los Listados \u00abA\u00bb y \u00abB\u00bb, considerando las siguientes condiciones:<\/span><\/p>\n<p style=\"padding-left: 40px;\"><span style=\"color: #000000;\"><strong>Listado A:<\/strong> aspirantes en condiciones deg\u00fan Art\u00edculo 60 del Estatudo Docente.<\/span><\/p>\n<p style=\"padding-left: 40px; text-align: justify;\"><span style=\"color: #000000;\"><strong>Listado B:<\/strong> <strong>1<\/strong>. aspirantes que no se encuentran en condiciones seg\u00fan el Art\u00edculo 60 del Estatudo Docente, pero cuentan con t\u00edtulo habilitante del Nivel Superior en una disciplina afin dentro del mismo campo de conocimiento de la unidad curricular de la convocatoria; <strong>2<\/strong>.aspirantes con t\u00edtulo con validez nacional de T\u00e9cnica\/o Superior con el perfil acad\u00e9mico definido por el dise\u00f1o curricular, en complementaci\u00f3n con el titulo docente o Tramo de Formaci\u00f3n Pedag\u00f3gica para el Nivel Superior; <strong>3.<\/strong> Docentes jubiladas y jubilados en condiciones seg\u00fan el art\u00edculo 60 del Estatuto del Docente.<\/span><\/p>\n<p style=\"text-align: justify;\"><span style=\"font-size: 12pt; font-family: 'Arial','sans-serif'; color: black;\">4. En todos los casos, el <strong>Dise\u00f1o Curricular<\/strong> de la Carrera en que se inserta el espacio a concursar, deber\u00e1 ser consultado como marco general de orientaci\u00f3n, proyecci\u00f3n y elaboraci\u00f3n. Es fundamental poder comprender la l\u00f3gica del espacio que se concursa en el marco del Dise\u00f1o Curricular del Profesorado. Todos los Dise\u00f1os Curriculares se encuentran cargados en nuestra p\u00e1gina, en la secci\u00f3n \u00abProfesorados\u00bb.<\/span><\/p>\n<p style=\"text-align: justify;\"><strong><u><span style=\"font-size: 12pt; font-family: 'Arial','sans-serif'; color: black;\">ENTREGA DE PROYECTOS<\/span><\/u><\/strong><\/p>\n<p style=\"text-align: justify;\"><span style=\"color: #000000;\">En caso de requerir asistencia t\u00e9cnica para la presentaci\u00f3n de proyectos, podr\u00e1 solicitarla a nuestro correo oficial <strong>isfd129junin@abc.gob.ar<\/strong><\/span><\/p>\n<p style=\"text-align: justify;\"><span style=\"color: #000000;\">La entrega de Propuestas de C\u00e1tedra, deber\u00e1 ser presentada dentro de los d\u00edas previstos por difusi\u00f3n en la SAD, al mismo correo detallado con anterioridad.<br \/>\n<\/span><\/p>\n<p style=\"padding-left: 40px;\"><span style=\"color: #000000;\"><strong>Asunto del correo:<\/strong> CONCURSO &#8211; Presentaci\u00f3n de propuesta para _(Unidad Curricular)<\/span><\/p>\n<p style=\"padding-left: 40px;\"><strong><span style=\"color: #000000;\">Datos a incluir en el cuerpo del correo: <\/span><\/strong><\/p>\n<ul>\n<li style=\"list-style-type: none;\">\n<ul>\n<li><span style=\"color: #000000;\">Apellido y nombres<\/span><\/li>\n<li><span style=\"color: #000000;\">CUIL<\/span><\/li>\n<li><span style=\"color: #000000;\">T\u00edtulo<\/span><\/li>\n<li><span style=\"color: #000000;\">Tel\u00e9fono<\/span><\/li>\n<li><span style=\"color: #000000;\">Localidad de residencia<\/span><\/li>\n<\/ul>\n<\/li>\n<\/ul>\n","protected":false},"excerpt":{"rendered":"<p>Desde el 1\u00ba de enero de 2026, el acceso a C\u00e1tedras del Nivel Superior, se rige por las condiciones y procedimientos establecidos por la Resoluci\u00f3n-2025-6179 (Pautas para la implementaci\u00f3n de las pruebas de selecci\u00f3n por evaluaci\u00f3n de t\u00edtulos, antecedentes y oposici\u00f3n para la cobertura de cargos de Nivel Superior) Para la presentaci\u00f3n de Proyectos para &#8230; <a title=\"Concursos\" class=\"read-more\" href=\"https:\/\/isfd129-bue.infd.edu.ar\/sitio\/inscripcion-2\/\" aria-label=\"More on Concursos\">[+]<\/a><\/p>\n","protected":false},"author":1681,"featured_media":0,"parent":0,"menu_order":0,"comment_status":"closed","ping_status":"closed","template":"","meta":[],"acf":[],"_links":{"self":[{"href":"https:\/\/isfd129-bue.infd.edu.ar\/sitio\/wp-json\/wp\/v2\/pages\/979"}],"collection":[{"href":"https:\/\/isfd129-bue.infd.edu.ar\/sitio\/wp-json\/wp\/v2\/pages"}],"about":[{"href":"https:\/\/isfd129-bue.infd.edu.ar\/sitio\/wp-json\/wp\/v2\/types\/page"}],"author":[{"embeddable":true,"href":"https:\/\/isfd129-bue.infd.edu.ar\/sitio\/wp-json\/wp\/v2\/users\/1681"}],"replies":[{"embeddable":true,"href":"https:\/\/isfd129-bue.infd.edu.ar\/sitio\/wp-json\/wp\/v2\/comments?post=979"}],"version-history":[{"count":35,"href":"https:\/\/isfd129-bue.infd.edu.ar\/sitio\/wp-json\/wp\/v2\/pages\/979\/revisions"}],"predecessor-version":[{"id":3449,"href":"https:\/\/isfd129-bue.infd.edu.ar\/sitio\/wp-json\/wp\/v2\/pages\/979\/revisions\/3449"}],"wp:attachment":[{"href":"https:\/\/isfd129-bue.infd.edu.ar\/sitio\/wp-json\/wp\/v2\/media?parent=979"}],"curies":[{"name":"wp","href":"https:\/\/api.w.org\/{rel}","templated":true}]}}