{"id":984,"date":"2018-08-29T18:19:26","date_gmt":"2018-08-29T21:19:26","guid":{"rendered":"https:\/\/isfd129-bue.infd.edu.ar\/sitio\/profesorado-de-quimica\/"},"modified":"2026-03-25T22:57:19","modified_gmt":"2026-03-26T01:57:19","slug":"profesorado-de-quimica","status":"publish","type":"page","link":"https:\/\/isfd129-bue.infd.edu.ar\/sitio\/profesorado-de-quimica\/","title":{"rendered":"Profesorado de Qu\u00edmica"},"content":{"rendered":"<div id=\"metaslider-id-2496\" style=\"width: 100%;\" class=\"ml-slider-3-33-0 metaslider metaslider-nivo metaslider-2496 ml-slider ms-theme-default\" role=\"region\" aria-roledescription=\"Slideshow\" aria-label=\"Slideshow\">\n    <div id=\"metaslider_container_2496\">\n        <div class='slider-wrapper theme-default'><div class='ribbon'><\/div><div id='metaslider_2496' class='nivoSlider'><img src=\"https:\/\/isfd129-bue.infd.edu.ar\/sitio\/wp-content\/uploads\/2020\/12\/apertura-juegos-quimica-1110x417.jpg\" height=\"417\" width=\"1110\" title=\"apertura-juegos-quimica\" alt=\"\" class=\"slider-2496 slide-2506\" \/><img src=\"https:\/\/isfd129-bue.infd.edu.ar\/sitio\/wp-content\/uploads\/2020\/12\/historia-quimica-evolucion-hitos___large_828_552-828x311.jpg\" height=\"417\" width=\"1110\" title=\"historia-quimica-evolucion-hitos___large_828_552\" alt=\"\" class=\"slider-2496 slide-2507\" \/><img src=\"https:\/\/isfd129-bue.infd.edu.ar\/sitio\/wp-content\/uploads\/2020\/12\/imagenes-estepais.-1110x417.jpg\" height=\"417\" width=\"1110\" title=\"imagenes-estepais.\" alt=\"\" class=\"slider-2496 slide-2508\" \/><img src=\"https:\/\/isfd129-bue.infd.edu.ar\/sitio\/wp-content\/uploads\/2020\/12\/pensamiento_cientifico-1110x417.jpeg\" height=\"417\" width=\"1110\" title=\"pensamiento_cientifico\" alt=\"\" class=\"slider-2496 slide-2509\" \/><img src=\"https:\/\/isfd129-bue.infd.edu.ar\/sitio\/wp-content\/uploads\/2020\/12\/person-holding-laboratory-flask-2280571-600x225.jpg\" height=\"417\" width=\"1110\" title=\"person-holding-laboratory-flask-2280571\" alt=\"\" class=\"slider-2496 slide-2510\" \/><img src=\"https:\/\/isfd129-bue.infd.edu.ar\/sitio\/wp-content\/uploads\/2020\/12\/quimica-1-e1589576962905-800x300.jpg\" height=\"417\" width=\"1110\" title=\"quimica-1-e1589576962905\" alt=\"\" class=\"slider-2496 slide-2511\" \/><img src=\"https:\/\/isfd129-bue.infd.edu.ar\/sitio\/wp-content\/uploads\/2020\/12\/quimica-bioquimica-celula-microscopio-e1589576837672-800x300.jpg\" height=\"417\" width=\"1110\" title=\"quimica-bioquimica-celula-microscopio-e1589576837672\" alt=\"\" class=\"slider-2496 slide-2512\" \/><img src=\"https:\/\/isfd129-bue.infd.edu.ar\/sitio\/wp-content\/uploads\/2020\/12\/reactivos-quimicos-500x187.jpg\" height=\"417\" width=\"1110\" title=\"reactivos-quimicos\" alt=\"\" class=\"slider-2496 slide-2513\" \/><img src=\"https:\/\/isfd129-bue.infd.edu.ar\/sitio\/wp-content\/uploads\/2020\/12\/shutterstock_1401540302-1024x572-1024x384.png\" height=\"417\" width=\"1110\" title=\"shutterstock_1401540302-1024x572\" alt=\"\" class=\"slider-2496 slide-2514\" \/><\/div><\/div>\n        \n    <\/div>\n<\/div>\n<p style=\"padding-left: 30px;\"><a href=\"https:\/\/isfd129-bue.infd.edu.ar\/sitio\/wp-content\/uploads\/2020\/12\/Dise\u00f1o-curricular-1.pdf\" target=\"_blank\" rel=\"noopener\"><img decoding=\"async\" loading=\"lazy\" class=\"alignnone wp-image-2303\" src=\"https:\/\/isfd129-bue.infd.edu.ar\/sitio\/wp-content\/uploads\/2020\/12\/DISE\u00d1O-CURRICULAR-3.png\" alt=\"\" width=\"236\" height=\"236\" \/><\/a> <a href=\"https:\/\/isfd129-bue.infd.edu.ar\/sitio\/wp-content\/uploads\/2020\/12\/Plan-de-estudios-Qu\u00edmica.pdf\" target=\"_blank\" rel=\"noopener\"><img decoding=\"async\" loading=\"lazy\" class=\"alignnone wp-image-2286\" src=\"https:\/\/isfd129-bue.infd.edu.ar\/sitio\/wp-content\/uploads\/2020\/12\/DISE\u00d1O-CURRICULAR.png\" alt=\"\" width=\"235\" height=\"235\" \/><\/a> <a href=\"https:\/\/isfd129-bue.infd.edu.ar\/sitio\/wp-content\/uploads\/2020\/12\/Correlatividades-3.pdf\" target=\"_blank\" rel=\"noopener\"><img decoding=\"async\" loading=\"lazy\" class=\"alignnone wp-image-2287\" src=\"https:\/\/isfd129-bue.infd.edu.ar\/sitio\/wp-content\/uploads\/2020\/12\/DISE\u00d1O-CURRICULAR-1.png\" alt=\"\" width=\"236\" height=\"236\" \/><\/a> <a href=\"https:\/\/docs.google.com\/spreadsheets\/d\/1Te1Er3txyyknxpjcJxAih7NuO-6CONdcPGu07JnhPUU\/edit?usp=sharing\"><img decoding=\"async\" loading=\"lazy\" class=\"alignnone wp-image-2299\" src=\"https:\/\/isfd129-bue.infd.edu.ar\/sitio\/wp-content\/uploads\/2020\/12\/DISE\u00d1O-CURRICULAR-2.png\" alt=\"\" width=\"236\" height=\"236\" \/><\/a><\/p>\n<p style=\"padding-left: 30px;\"><img decoding=\"async\" loading=\"lazy\" class=\"alignnone size-medium wp-image-2668\" src=\"https:\/\/isfd129-bue.infd.edu.ar\/sitio\/wp-content\/uploads\/2021\/03\/1-2-1000x46.png\" alt=\"\" width=\"1000\" height=\"46\" srcset=\"https:\/\/isfd129-bue.infd.edu.ar\/sitio\/wp-content\/uploads\/2021\/03\/1-2-1000x46.png 1000w, https:\/\/isfd129-bue.infd.edu.ar\/sitio\/wp-content\/uploads\/2021\/03\/1-2-768x35.png 768w, https:\/\/isfd129-bue.infd.edu.ar\/sitio\/wp-content\/uploads\/2021\/03\/1-2.png 1279w\" sizes=\"(max-width: 1000px) 100vw, 1000px\" \/><\/p>\n<hr \/>\n<p lang=\"es-ES\" align=\"justify\"><span style=\"font-family: arial, sans-serif;\"><span style=\"font-size: medium;\">Los Profesorados en Biolog\u00eda, F\u00edsica y Qu\u00edmica contemplan los dos primeros a\u00f1os de formaci\u00f3n com\u00fan. En ambos cursos se desarrollan contenidos que ser\u00e1n base para la construcci\u00f3n del \u00c1rea de Ciencias Naturales. As\u00ed, al finalizar los dos primeros a\u00f1os de su carrera, los futuros docentes habr\u00e1n transitado por una formaci\u00f3n general con \u00e9nfasis en aspectos pedag\u00f3gicos, did\u00e1cticos y psicol\u00f3gicos y poseer\u00e1n los conocimientos cient\u00edficos b\u00e1sicos para iniciar la formaci\u00f3n espec\u00edfica en una de las disciplinas.<\/span><\/span><\/p>\n<p lang=\"es-ES\" align=\"justify\"><span style=\"font-family: arial, sans-serif;\"><span style=\"font-size: medium;\">En los a\u00f1os siguientes, se ofrecen espacios de formaci\u00f3n complementaria sustanciales para la adecuada formaci\u00f3n en la especialidad elegida, en funci\u00f3n de los requerimientos interdisciplinarios del conocimiento en la actualidad. Tal estructuraci\u00f3n garantiza, simult\u00e1neamente, el dominio de la propia disciplina y la idoneidad del egresado para desempe\u00f1arse en el Tercer Ciclo de EGB, en el \u00c1rea de Ciencias Naturales.<\/span><\/span><\/p>\n<p lang=\"es-ES\" align=\"justify\"><span style=\"font-family: arial, sans-serif;\"><span style=\"font-size: medium;\">El proceso educativo propuesto en la etapa inicial de estos profesorados requiere m\u00e1ximo esfuerzo para poner de manifiesto las interrelaciones entre los contenidos provenientes de las distintas disciplinas. Cabe se\u00f1alar que, seg\u00fan la disciplina que elijan los alumnos, muchos de los contenidos ser\u00e1n retomados, con un nivel de mayor profundidad, en los dos \u00faltimos a\u00f1os de la carrera.<\/span><\/span><\/p>\n<p lang=\"es-ES\" align=\"justify\"><span style=\"font-family: arial, sans-serif;\"><span style=\"font-size: medium;\">En el Espacio de Integraci\u00f3n Areal se han previsto instancias de interrelaci\u00f3n, profundizaci\u00f3n, extensi\u00f3n y divulgaci\u00f3n de tem\u00e1ticas con enfoque multidisciplinar. Ello permitir\u00e1 la formaci\u00f3n necesaria en aspectos en que las disciplinas aisladas dar\u00edan una visi\u00f3n parcial o insuficiente en cuanto a sus alcances y relevancia.<\/span><\/span><\/p>\n<p lang=\"es-MX\" align=\"justify\"><span style=\"font-family: arial, sans-serif;\"><span style=\"font-size: medium;\">Es importante, asimismo, en funci\u00f3n de la transposici\u00f3n did\u00e1ctica futura, familiarizar a los estudiantes con instrumental y t\u00e9cnicas experimentales y promover como acciones habituales el planteo y resoluci\u00f3n de situaciones problem\u00e1ticas, la formulaci\u00f3n de hip\u00f3tesis y explicaciones provisorias y el dise\u00f1o y realizaci\u00f3n de proyectos de investigaci\u00f3n escolar.<\/span><\/span><\/p>\n","protected":false},"excerpt":{"rendered":"<p>Los Profesorados en Biolog\u00eda, F\u00edsica y Qu\u00edmica contemplan los dos primeros a\u00f1os de formaci\u00f3n com\u00fan. En ambos cursos se desarrollan contenidos que ser\u00e1n base para la construcci\u00f3n del \u00c1rea de Ciencias Naturales. As\u00ed, al finalizar los dos primeros a\u00f1os de su carrera, los futuros docentes habr\u00e1n transitado por una formaci\u00f3n general con \u00e9nfasis en aspectos &#8230; <a title=\"Profesorado de Qu\u00edmica\" class=\"read-more\" href=\"https:\/\/isfd129-bue.infd.edu.ar\/sitio\/profesorado-de-quimica\/\" aria-label=\"More on Profesorado de Qu\u00edmica\">[+]<\/a><\/p>\n","protected":false},"author":1681,"featured_media":0,"parent":0,"menu_order":0,"comment_status":"closed","ping_status":"closed","template":"","meta":[],"acf":[],"_links":{"self":[{"href":"https:\/\/isfd129-bue.infd.edu.ar\/sitio\/wp-json\/wp\/v2\/pages\/984"}],"collection":[{"href":"https:\/\/isfd129-bue.infd.edu.ar\/sitio\/wp-json\/wp\/v2\/pages"}],"about":[{"href":"https:\/\/isfd129-bue.infd.edu.ar\/sitio\/wp-json\/wp\/v2\/types\/page"}],"author":[{"embeddable":true,"href":"https:\/\/isfd129-bue.infd.edu.ar\/sitio\/wp-json\/wp\/v2\/users\/1681"}],"replies":[{"embeddable":true,"href":"https:\/\/isfd129-bue.infd.edu.ar\/sitio\/wp-json\/wp\/v2\/comments?post=984"}],"version-history":[{"count":9,"href":"https:\/\/isfd129-bue.infd.edu.ar\/sitio\/wp-json\/wp\/v2\/pages\/984\/revisions"}],"predecessor-version":[{"id":3466,"href":"https:\/\/isfd129-bue.infd.edu.ar\/sitio\/wp-json\/wp\/v2\/pages\/984\/revisions\/3466"}],"wp:attachment":[{"href":"https:\/\/isfd129-bue.infd.edu.ar\/sitio\/wp-json\/wp\/v2\/media?parent=984"}],"curies":[{"name":"wp","href":"https:\/\/api.w.org\/{rel}","templated":true}]}}