{"id":992,"date":"2018-08-29T18:19:29","date_gmt":"2018-08-29T21:19:29","guid":{"rendered":"https:\/\/isfd129-bue.infd.edu.ar\/sitio\/cufba\/"},"modified":"2020-08-06T16:53:57","modified_gmt":"2020-08-06T19:53:57","slug":"cufba","status":"publish","type":"page","link":"https:\/\/isfd129-bue.infd.edu.ar\/sitio\/cufba\/","title":{"rendered":"CUFBA (Curso de Formaci\u00f3n B\u00e1sica)"},"content":{"rendered":"<p align=\"justify\"><span style=\"font-family: arial, sans-serif;\"><span style=\"font-size: small;\"><span style=\"color: #000000;\">A fin de posibilitar la adquisici\u00f3n de las competencias requeridas para el ingreso en el Profesorado de Ingl\u00e9s, se desarrollar\u00e1 un Curso de Formaci\u00f3n B\u00e1sica previsto con la duraci\u00f3n de un Ciclo Lectivo de treinta y dos (32) semanas y con una carga horaria de ocho (8) horas reloj semanales.<\/span><\/span><\/span><\/p>\n<p align=\"justify\"><span style=\"color: #000000;\"><span style=\"font-family: arial, sans-serif;\"><span style=\"font-size: small;\"><u><b><strong>\u00bfA QUI\u00c9N EST\u00c1 DIRIGIDO EL CUFBA?<\/strong><\/b><\/u><\/span><\/span><\/span><\/p>\n<p align=\"justify\"><span style=\"font-family: arial, sans-serif;\"><span style=\"font-size: small;\"><span style=\"color: #000000;\">El CUFBA est\u00e1 dirigido a los siguientes alumnos:<\/span><\/span><\/span><\/p>\n<ul>\n<li>\n<p align=\"justify\"><span style=\"font-family: arial, sans-serif;\"><span style=\"font-size: small;\"><span style=\"color: #000000;\">Aspirantes que habiendo rendido el examen de Ingl\u00e9s no logren ingresar a 1\u00b0 A\u00d1O<\/span><\/span><\/span><\/p>\n<\/li>\n<li>\n<p align=\"justify\"><span style=\"font-family: arial, sans-serif;\"><span style=\"font-size: small;\"><span style=\"color: #000000;\">Aspirantes que deseen fortalecer sus conocimientos de la lengua inglesa antes de ingresar a 1\u00b0 A\u00d1O<\/span><\/span><\/span><\/p>\n<\/li>\n<li>\n<p align=\"justify\"><span style=\"font-family: arial, sans-serif;\"><span style=\"font-size: small;\"><span style=\"color: #000000;\">Aspirantes que deseen inscribirse al pr\u00f3ximo ciclo lectivo <\/span><\/span><\/span><\/p>\n<\/li>\n<\/ul>\n<p align=\"justify\"><span style=\"font-family: arial, sans-serif;\"><span style=\"font-size: small;\"><span style=\"color: #000000;\">Antes de comenzar el ciclo lectivo, los aspirantes a ingresar a la carrera rinden un examen nivelatorio de ingl\u00e9s.<\/span><\/span><\/span><\/p>\n<p align=\"justify\"><span style=\"font-family: arial, sans-serif;\"><span style=\"font-size: small;\"><span style=\"color: #000000;\">El resultado del examen de nivel nos permitir\u00e1 ubicar a los estudiantes en 1\u00b0 A\u00d1O o en el CUFBA (Curso de Formaci\u00f3n B\u00e1sico).<\/span><\/span><\/span><\/p>\n<p align=\"justify\"><span style=\"font-family: arial, sans-serif;\"><span style=\"font-size: small;\"><span style=\"color: #000000;\">El CUFBA le permite al estudiante fortalecer su conocimiento de la lengua inglesa en tres \u00e1reas: <\/span><span style=\"color: #000000;\">compresi\u00f3n de textos, redacci\u00f3n de textos y expresi\u00f3n oral.<\/span><\/span><\/span><\/p>\n<h5 class=\"western\" align=\"justify\"><span style=\"color: #000000;\"><span style=\"font-family: arial, sans-serif;\"><span style=\"font-size: small;\"><u><b><strong>EL CURSO DE FORMACI\u00d3N B\u00c1SICA EST\u00c1 ORGANIZADO EN TRES \u00c1REAS:<\/strong><\/b><\/u><\/span><\/span><\/span><\/h5>\n<h5 class=\"western\" align=\"justify\"><span style=\"color: #000000;\"><span style=\"font-family: arial, sans-serif;\"><span style=\"font-size: small;\">\u00a0 \u00a0 \u00a0 1) Comprensi\u00f3n de textos <\/span><\/span><\/span><span style=\"color: #000000;\"><span style=\"font-family: arial, sans-serif;\"><span style=\"font-size: small;\">(3 m\u00f3dulos semanales)<\/span><\/span><\/span><\/h5>\n<h5 class=\"western\" align=\"justify\"><span style=\"color: #000000;\"><span style=\"font-family: arial, sans-serif;\"><span style=\"font-size: small;\">\u00a0 \u00a0 \u00a0 2) Expresi\u00f3n Escrita <\/span><\/span><\/span><span style=\"color: #000000;\"><span style=\"font-family: arial, sans-serif;\"><span style=\"font-size: small;\">(3 m\u00f3dulos semanales)<\/span><\/span><\/span><\/h5>\n<h5 class=\"western\" align=\"justify\"><span style=\"color: #000000;\"><span style=\"font-family: arial, sans-serif;\"><span style=\"font-size: small;\">\u00a0 \u00a0 \u00a0 3) Expresi\u00f3n Oral <\/span><\/span><\/span><span style=\"color: #000000;\"><span style=\"font-family: arial, sans-serif;\"><span style=\"font-size: small;\">(2 m\u00f3dulos semanales)<\/span><\/span><\/span><\/h5>\n<h6 class=\"western\" align=\"justify\"><span style=\"font-family: arial, sans-serif;\"><span style=\"font-size: small;\"><u><b><span style=\"color: #000000;\">EXPECTATIVAS DE LOGRO<\/span><\/b><\/u><\/span><\/span><\/h6>\n<ol>\n<li>\n<p align=\"justify\"><span style=\"font-family: arial, sans-serif;\"><span style=\"font-size: small;\"><span style=\"color: #000000;\">Comprensi\u00f3n de un texto escrito desconocido, rese\u00f1ando sus ideas principales.<\/span><\/span><\/span><\/p>\n<\/li>\n<li>\n<p align=\"justify\"><span style=\"font-family: arial, sans-serif;\"><span style=\"font-size: small;\"><span style=\"color: #000000;\">Comprensi\u00f3n de un texto oral desconocido, rese\u00f1ando sus ideas principales.<\/span><\/span><\/span><\/p>\n<\/li>\n<li>\n<p align=\"justify\"><span style=\"font-family: arial, sans-serif;\"><span style=\"font-size: small;\"><span style=\"color: #000000;\">Redacci\u00f3n de una carta breve e informal, narraci\u00f3n o descripci\u00f3n sobre un tema asignado, desarrollado con coherencia y en respuesta al prop\u00f3sito del texto.<\/span><\/span><\/span><\/p>\n<\/li>\n<li>\n<p align=\"justify\"><span style=\"font-family: arial, sans-serif;\"><span style=\"font-size: small;\"><span style=\"color: #000000;\">Comentario sobre un texto le\u00eddo con anterioridad (art\u00edculo, cuento)<\/span><\/span><\/span><\/p>\n<\/li>\n<li>\n<p align=\"justify\"><span style=\"font-family: arial, sans-serif;\"><span style=\"font-size: small;\"><span style=\"color: #000000;\">Respuesta al discurso imprevisible de un interlocutor sobre temas de la vida cotidiana.<\/span><\/span><\/span><\/p>\n<\/li>\n<li>\n<p align=\"justify\"><span style=\"font-family: arial, sans-serif;\"><span style=\"font-size: small;\"><span style=\"color: #000000;\">Conversaci\u00f3n fluida con aproximaci\u00f3n a la correcci\u00f3n fon\u00e9tica, l\u00e9xica y gramatical y con adecuaci\u00f3n al contexto.<\/span><\/span><\/span><\/p>\n<\/li>\n<\/ol>\n<p align=\"justify\"><strong><span style=\"font-family: arial, sans-serif;\"><span style=\"font-size: small;\"><span style=\"color: #000000;\">La Profesora a cargo del CUFBA en nuestro Instituto 129, es Paola Cossu. Por consultas al respecto, podr\u00e1 contactarse a trav\u00e9s del siguiente correo:\u00a0<\/span><span style=\"color: #000000;\"><span style=\"font-family: Arial;\">cospaola@hotmail.com<\/span><\/span><\/span><\/span><\/strong><\/p>\n","protected":false},"excerpt":{"rendered":"<p>A fin de posibilitar la adquisici\u00f3n de las competencias requeridas para el ingreso en el Profesorado de Ingl\u00e9s, se desarrollar\u00e1 un Curso de Formaci\u00f3n B\u00e1sica previsto con la duraci\u00f3n de un Ciclo Lectivo de treinta y dos (32) semanas y con una carga horaria de ocho (8) horas reloj semanales. \u00bfA QUI\u00c9N EST\u00c1 DIRIGIDO EL &#8230; <a title=\"CUFBA (Curso de Formaci\u00f3n B\u00e1sica)\" class=\"read-more\" href=\"https:\/\/isfd129-bue.infd.edu.ar\/sitio\/cufba\/\" aria-label=\"More on CUFBA (Curso de Formaci\u00f3n B\u00e1sica)\">[+]<\/a><\/p>\n","protected":false},"author":1681,"featured_media":0,"parent":0,"menu_order":0,"comment_status":"closed","ping_status":"closed","template":"","meta":[],"acf":[],"_links":{"self":[{"href":"https:\/\/isfd129-bue.infd.edu.ar\/sitio\/wp-json\/wp\/v2\/pages\/992"}],"collection":[{"href":"https:\/\/isfd129-bue.infd.edu.ar\/sitio\/wp-json\/wp\/v2\/pages"}],"about":[{"href":"https:\/\/isfd129-bue.infd.edu.ar\/sitio\/wp-json\/wp\/v2\/types\/page"}],"author":[{"embeddable":true,"href":"https:\/\/isfd129-bue.infd.edu.ar\/sitio\/wp-json\/wp\/v2\/users\/1681"}],"replies":[{"embeddable":true,"href":"https:\/\/isfd129-bue.infd.edu.ar\/sitio\/wp-json\/wp\/v2\/comments?post=992"}],"version-history":[{"count":7,"href":"https:\/\/isfd129-bue.infd.edu.ar\/sitio\/wp-json\/wp\/v2\/pages\/992\/revisions"}],"predecessor-version":[{"id":2075,"href":"https:\/\/isfd129-bue.infd.edu.ar\/sitio\/wp-json\/wp\/v2\/pages\/992\/revisions\/2075"}],"wp:attachment":[{"href":"https:\/\/isfd129-bue.infd.edu.ar\/sitio\/wp-json\/wp\/v2\/media?parent=992"}],"curies":[{"name":"wp","href":"https:\/\/api.w.org\/{rel}","templated":true}]}}